{"id":3272,"date":"2025-06-11T08:59:38","date_gmt":"2025-06-11T08:59:38","guid":{"rendered":"https:\/\/outdoormedals.com\/bedingungen-und-konditionen\/"},"modified":"2025-06-11T11:08:25","modified_gmt":"2025-06-11T11:08:25","slug":"bedingungen-und-konditionen","status":"publish","type":"page","link":"https:\/\/outdoormedals.com\/de\/bedingungen-und-konditionen\/","title":{"rendered":"Bedingungen und Konditionen"},"content":{"rendered":"&#13;\n<p><strong><em>Erstattungs- und R\u00fcckgabebestimmungen<\/em><\/strong><\/p>&#13;\n&#13;\n<p>Unsere Erstattungs- und R\u00fcckgabebestimmungen gelten f\u00fcr 14 Tage. Wenn seit Ihrem Kauf 14 Tage vergangen sind, k\u00f6nnen wir Ihnen weder eine R\u00fcckerstattung noch einen Umtausch anbieten.<\/p>&#13;\n&#13;\n<p>Um f\u00fcr eine R\u00fcckgabe in Frage zu kommen, muss Ihr Artikel unbenutzt sein und sich in demselben Zustand befinden, in dem Sie ihn erhalten haben. Au\u00dferdem muss es sich in der Originalverpackung befinden. Einige Waren sind von der R\u00fcckgabe ausgenommen.  <\/p>&#13;\n&#13;\n<p>Welche Artikel k\u00f6nnen nicht zur\u00fcckgegeben werden?<\/p>&#13;\n\r\n<ul class=\"wp-block-list\">&#13;\n<li>Eingravierte Medaillen<\/li>&#13;\n<\/ul>\r\n&#13;\n<p>Um Ihre R\u00fccksendung abzuschlie\u00dfen, ben\u00f6tigen wir eine Quittung oder einen Kaufbeleg. Sie k\u00f6nnen uns eine E-Mail an info@solutiodesigntestserver.nl schicken, in der Sie Ihre Bestellnummer angeben.<\/p>&#13;\n&#13;\n<p>Sobald wir Ihre R\u00fccksendung erhalten und gepr\u00fcft haben, senden wir Ihnen eine E-Mail, um Sie zu benachrichtigen, dass wir Ihren zur\u00fcckgesandten Artikel erhalten haben. Wir werden Sie auch \u00fcber die Genehmigung oder Ablehnung Ihrer Erstattung informieren.<\/p>&#13;\n&#13;\n<p>Wenn Sie die Genehmigung erhalten, wird Ihre R\u00fcckerstattung bearbeitet und eine Gutschrift auf Ihre Kreditkarte oder Ihre urspr\u00fcngliche Zahlungsmethode wird innerhalb einer bestimmten Anzahl von Tagen automatisch vorgenommen.<\/p>&#13;\n&#13;\n<p><b>Versp\u00e4tete oder fehlende Erstattungen<\/b><\/p>&#13;\n&#13;\n<p>Wenn Sie noch keine R\u00fcckerstattung erhalten haben, \u00fcberpr\u00fcfen Sie zun\u00e4chst Ihr Bankkonto erneut. Wenden Sie sich dann an Ihr Kreditkartenunternehmen. Es kann einige Zeit dauern, bis Ihre R\u00fcckerstattung offiziell verbucht wird. Wenden Sie sich dann an Ihre Bank. Bis eine Erstattung verbucht wird, vergeht oft eine gewisse Bearbeitungszeit. Wenn Sie all dies getan haben und Ihre R\u00fcckerstattung immer noch nicht erhalten haben, kontaktieren Sie uns bitte unter info@solutiodesigntestserver.nl<\/p>&#13;\n&#13;\n<p><b>Verkaufsartikel<\/b><\/p>&#13;\n&#13;\n<p>Es k\u00f6nnen nur Artikel zum regul\u00e4ren Preis erstattet werden. Ausverkaufte Artikel k\u00f6nnen nicht erstattet werden.<\/p>&#13;\n&#13;\n<p>Wir ersetzen nur Artikel, wenn sie defekt oder besch\u00e4digt sind. Wenn Sie ihn gegen den gleichen Artikel umtauschen m\u00f6chten, senden Sie uns eine E-Mail an info@solutiodesigntestserver.nl und schicken Sie Ihren Artikel an: Rotterdamseweg 370A10, 2629 HG Delft. Die Niederlande.<\/p>&#13;\n&#13;\n<p>Wenn der Artikel beim Kauf als Geschenk gekennzeichnet war oder der Schenkende die Bestellung an sich selbst geschickt hat, um sie sp\u00e4ter an Sie weiterzugeben, senden wir eine R\u00fcckerstattung an den Schenkenden und er erf\u00e4hrt von Ihrer R\u00fcckgabe.<\/p>&#13;\n&#13;\n<p><\/p>&#13;\n&#13;\n<p>Wenn Sie Ihr Produkt zur\u00fcckgeben m\u00f6chten, senden Sie zun\u00e4chst eine E-Mail an info@solutiodesigntestserver.nl. Dann schicken Sie Ihr Produkt an: Rotterdamseweg 370A10, 2629 HG Delft. Die Niederlande.<\/p>&#13;\n&#13;\n<p>Die Kosten f\u00fcr den Versand und eventuelle Einfuhrz\u00f6lle f\u00fcr die R\u00fccksendung Ihres Artikels m\u00fcssen Sie selbst tragen. Die Versandkosten sind nicht erstattungsf\u00e4hig. Wenn Sie eine R\u00fcckerstattung erhalten, werden die Kosten f\u00fcr den R\u00fcckversand von Ihrer R\u00fcckerstattung abgezogen.<\/p>&#13;\n&#13;\n<p>Je nachdem, wo Sie wohnen, kann es unterschiedlich lange dauern, bis Ihr ausgetauschtes Produkt bei Ihnen eintrifft.<\/p>&#13;\n&#13;\n<p>Wenn Sie teurere Artikel zur\u00fccksenden, sollten Sie einen verfolgbaren Versanddienst nutzen oder eine Versandversicherung abschlie\u00dfen. Wir k\u00f6nnen nicht garantieren, dass wir die zur\u00fcckgesendeten Artikel erhalten werden.<\/p>&#13;\n&#13;\n<p><\/p>&#13;\n&#13;\n<p>Wenden Sie sich bei Fragen zu Erstattungen und R\u00fcckgaben an info@solutiodesigntestserver.nl.<\/p>&#13;\n&#13;\n<p><\/p>&#13;\n&#13;\n<p><strong><em>Lieferung und Bearbeitung<\/em><\/strong><\/p>&#13;\n&#13;\n<p>Wir bearbeiten Ihre Bestellung normalerweise innerhalb von 48 Stunden, auch mit Gravur.<\/p>&#13;\n&#13;\n<p>Wir verwenden PostNL Versand f\u00fcr ganz Europa und es wird erwartet, dass diese innerhalb von 2-8 Tagen ankommen (Versand aus den Niederlanden). Informationen zur Sendungsverfolgung werden zur Verf\u00fcgung gestellt.<\/p>&#13;\n","protected":false},"excerpt":{"rendered":"<p>&#13; Erstattungs- und R\u00fcckgabebestimmungen &#13; &#13; Unsere Erstattungs- und R\u00fcckgabebestimmungen gelten f\u00fcr 14 Tage. Wenn seit Ihrem Kauf 14 Tage vergangen sind, k\u00f6nnen wir Ihnen weder eine R\u00fcckerstattung noch einen Umtausch anbieten. &#13; &#13; Um f\u00fcr eine R\u00fcckgabe in Frage zu kommen, muss Ihr Artikel unbenutzt sein und sich in demselben Zustand befinden, in dem [&#8230;]\n","protected":false},"author":2,"featured_media":0,"parent":0,"menu_order":0,"comment_status":"closed","ping_status":"closed","template":"","meta":{"footnotes":""},"class_list":["post-3272","page","type-page","status-publish","hentry"],"jetpack_sharing_enabled":true,"_links":{"self":[{"href":"https:\/\/outdoormedals.com\/de\/wp-json\/wp\/v2\/pages\/3272","targetHints":{"allow":["GET"]}}],"collection":[{"href":"https:\/\/outdoormedals.com\/de\/wp-json\/wp\/v2\/pages"}],"about":[{"href":"https:\/\/outdoormedals.com\/de\/wp-json\/wp\/v2\/types\/page"}],"author":[{"embeddable":true,"href":"https:\/\/outdoormedals.com\/de\/wp-json\/wp\/v2\/users\/2"}],"replies":[{"embeddable":true,"href":"https:\/\/outdoormedals.com\/de\/wp-json\/wp\/v2\/comments?post=3272"}],"version-history":[{"count":1,"href":"https:\/\/outdoormedals.com\/de\/wp-json\/wp\/v2\/pages\/3272\/revisions"}],"predecessor-version":[{"id":3274,"href":"https:\/\/outdoormedals.com\/de\/wp-json\/wp\/v2\/pages\/3272\/revisions\/3274"}],"wp:attachment":[{"href":"https:\/\/outdoormedals.com\/de\/wp-json\/wp\/v2\/media?parent=3272"}],"curies":[{"name":"wp","href":"https:\/\/api.w.org\/{rel}","templated":true}]}}