{"id":1273,"date":"2023-07-05T16:56:52","date_gmt":"2023-07-05T16:56:52","guid":{"rendered":"https:\/\/outdoormedals.com\/product\/camino-medaille\/"},"modified":"2026-01-14T11:06:23","modified_gmt":"2026-01-14T11:06:23","slug":"camino-medal","status":"publish","type":"product","link":"https:\/\/outdoormedals.com\/de\/produkt\/camino-medal\/","title":{"rendered":"Camino Medaille"},"content":{"rendered":"","protected":false},"excerpt":{"rendered":"<p>Diese Medaille ist speziell f\u00fcr die Pilgerreise nach Santiago de Compostela konzipiert. Eine Reise, die Sie zu Fu\u00df, mit dem Fahrrad oder sogar zu Pferd unternehmen k\u00f6nnen. Ob Sie den Jakobsweg selbst absolviert haben oder jemanden mit einem besonderen Geschenk \u00fcberraschen m\u00f6chten: Mit dieser einzigartigen Medaille verleihen Sie einem unvergesslichen Erlebnis eine besondere Bedeutung.<\/p>\n<p>Jede Medaille erz\u00e4hlt eine pers\u00f6nliche Geschichte!<\/p>\n","protected":false},"featured_media":3596,"comment_status":"open","ping_status":"closed","template":"","meta":[],"product_brand":[],"product_cat":[114],"product_tag":[124,129,132],"class_list":{"0":"post-1273","1":"product","2":"type-product","3":"status-publish","4":"has-post-thumbnail","6":"product_cat-medaillen","7":"product_tag-camino-de","8":"product_tag-medaille-de","9":"product_tag-santiago-de","11":"first","12":"instock","13":"taxable","14":"shipping-taxable","15":"purchasable","16":"product-type-simple"},"jetpack_sharing_enabled":true,"_links":{"self":[{"href":"https:\/\/outdoormedals.com\/de\/wp-json\/wp\/v2\/product\/1273","targetHints":{"allow":["GET"]}}],"collection":[{"href":"https:\/\/outdoormedals.com\/de\/wp-json\/wp\/v2\/product"}],"about":[{"href":"https:\/\/outdoormedals.com\/de\/wp-json\/wp\/v2\/types\/product"}],"replies":[{"embeddable":true,"href":"https:\/\/outdoormedals.com\/de\/wp-json\/wp\/v2\/comments?post=1273"}],"wp:featuredmedia":[{"embeddable":true,"href":"https:\/\/outdoormedals.com\/de\/wp-json\/wp\/v2\/media\/3596"}],"wp:attachment":[{"href":"https:\/\/outdoormedals.com\/de\/wp-json\/wp\/v2\/media?parent=1273"}],"wp:term":[{"taxonomy":"product_brand","embeddable":true,"href":"https:\/\/outdoormedals.com\/de\/wp-json\/wp\/v2\/product_brand?post=1273"},{"taxonomy":"product_cat","embeddable":true,"href":"https:\/\/outdoormedals.com\/de\/wp-json\/wp\/v2\/product_cat?post=1273"},{"taxonomy":"product_tag","embeddable":true,"href":"https:\/\/outdoormedals.com\/de\/wp-json\/wp\/v2\/product_tag?post=1273"}],"curies":[{"name":"wp","href":"https:\/\/api.w.org\/{rel}","templated":true}]}}