{"id":3332,"date":"2025-06-11T08:48:45","date_gmt":"2025-06-11T08:48:45","guid":{"rendered":"https:\/\/outdoormedals.com\/contacto\/"},"modified":"2025-09-18T13:28:43","modified_gmt":"2025-09-18T13:28:43","slug":"contacto","status":"publish","type":"page","link":"https:\/\/outdoormedals.com\/es\/contacto\/","title":{"rendered":"Contacto"},"content":{"rendered":"\n\t<section class=\"section\" id=\"section_1321053108\">\n\t\t<div class=\"section-bg fill\" >\n\t\t\t<img decoding=\"async\" width=\"1254\" height=\"652\" src=\"https:\/\/outdoormedals.com\/wp-content\/uploads\/2023\/07\/iStock-1002159204-e1690201680280.jpg\" class=\"bg attachment-original size-original\" alt=\"Camino Franc\u00e9s en bicicleta\" \/>\t\t\t\t\t\t<div class=\"section-bg-overlay absolute fill\"><\/div>\n\t\t\t\n\n\t\t<\/div>\n\n\t\t\n\n\t\t<div class=\"section-content relative\">\n\t\t\t\n<div class=\"row row-collapse align-center\"  id=\"row-678341943\">\n\n\t<div id=\"col-1037851541\" class=\"col small-12 large-12\"  >\n\t\t\t\t<div class=\"col-inner text-center dark\"  >\n\t\t\t\n\t\t\t\n\t<div id=\"text-1376803276\" class=\"text\">\n\t\t\n<h1>CONTACTO<\/h1>\n\t\t\n<style>\n#text-1376803276 {\n  font-size: 1.4rem;\n}\n<\/style>\n\t<\/div>\n\t\n\t\t<\/div>\n\t\t\t\t\n<style>\n#col-1037851541 > .col-inner {\n  padding: 100px 20px 200px 0px;\n}\n<\/style>\n\t<\/div>\n\n\t\n\n<style>\n#row-678341943 > .col > .col-inner {\n  padding: 0px 0px 0px 0px;\n}\n<\/style>\n<\/div>\n\t\t<\/div>\n\n\t\t\n<style>\n#section_1321053108 {\n  padding-top: 100px;\n  padding-bottom: 100px;\n  min-height: 200px;\n}\n#section_1321053108 .section-bg-overlay {\n  background-color: rgba(0,0,0,.5);\n}\n#section_1321053108 .section-bg img {\n  object-position: 52% 48%;\n}\n@media (min-width:550px) {\n  #section_1321053108 {\n    min-height: 300px;\n  }\n}\n@media (min-width:850px) {\n  #section_1321053108 {\n    min-height: 400px;\n  }\n}\n<\/style>\n\t<\/section>\n\t\n\n\t<section class=\"section\" id=\"section_1449584522\">\n\t\t<div class=\"section-bg fill\" >\n\t\t\t\t\t\t\t\t\t\n\t\t\t\n\n\t\t<\/div>\n\n\t\t\n\n\t\t<div class=\"section-content relative\">\n\t\t\t\n<div class=\"row align-middle\" style=\"max-width:\" id=\"row-195845539\">\n\n\t<div id=\"col-154762012\" class=\"col medium-12 small-12 large-6\"  >\n\t\t\t\t<div class=\"col-inner\"  >\n\t\t\t\n\t\t\t\n<h2>P\u00f3ngase en contacto con nosotros<\/h2>\n<p>P\u00f3ngase en contacto con nosotros envi\u00e1ndonos un correo electr\u00f3nico o rellenando el siguiente formulario de contacto.<\/p>\n<div class=\"row\"  id=\"row-581088062\">\n\n\t<div id=\"col-1194704435\" class=\"col small-12 large-12\"  >\n\t\t\t\t<div class=\"col-inner\"  >\n\t\t\t\n\t\t\t\n\n\t\t<div class=\"icon-box featured-box icon-box-left text-left\"  >\n\t\t\t\t\t<div class=\"icon-box-img\" style=\"width: 50px\">\n\t\t\t\t<div class=\"icon\">\n\t\t\t\t\t<div class=\"icon-inner\" >\n\t\t\t\t\t\t<img decoding=\"async\" width=\"240\" height=\"240\" src=\"https:\/\/outdoormedals.com\/wp-content\/uploads\/2023\/07\/map-pin-2-fill-2.png\" class=\"attachment-medium size-medium\" alt=\"\" srcset=\"https:\/\/outdoormedals.com\/wp-content\/uploads\/2023\/07\/map-pin-2-fill-2.png 240w, https:\/\/outdoormedals.com\/wp-content\/uploads\/2023\/07\/map-pin-2-fill-2-100x100.png 100w\" sizes=\"(max-width: 240px) 100vw, 240px\" \/>\t\t\t\t\t<\/div>\n\t\t\t\t<\/div>\n\t\t\t<\/div>\n\t\t\t\t<div class=\"icon-box-text last-reset\">\n\t\t\t\t\t\t\t\t\t\n<h3 class=\"uppercase\">Direcci\u00f3n<\/h3>\n<p>Engelenburg 8<br \/>2402 KN Alphen aan den Rijn <br \/>Pa\u00edses Bajos<\/p>\n\t\t<\/div>\n\t<\/div>\n\t\n\t\n\t\t<\/div>\n\t\t\t\t\t<\/div>\n\n\t\n\n\t<div id=\"col-219185849\" class=\"col small-12 large-12\"  >\n\t\t\t\t<div class=\"col-inner\"  >\n\t\t\t\n\t\t\t\n\n\t\t<div class=\"icon-box featured-box icon-box-left text-left\"  >\n\t\t\t\t\t<div class=\"icon-box-img\" style=\"width: 50px\">\n\t\t\t\t<div class=\"icon\">\n\t\t\t\t\t<div class=\"icon-inner\" >\n\t\t\t\t\t\t<img decoding=\"async\" width=\"240\" height=\"240\" src=\"https:\/\/outdoormedals.com\/wp-content\/uploads\/2023\/07\/mail-open-fill.png\" class=\"attachment-medium size-medium\" alt=\"\" srcset=\"https:\/\/outdoormedals.com\/wp-content\/uploads\/2023\/07\/mail-open-fill.png 240w, https:\/\/outdoormedals.com\/wp-content\/uploads\/2023\/07\/mail-open-fill-100x100.png 100w\" sizes=\"(max-width: 240px) 100vw, 240px\" \/>\t\t\t\t\t<\/div>\n\t\t\t\t<\/div>\n\t\t\t<\/div>\n\t\t\t\t<div class=\"icon-box-text last-reset\">\n\t\t\t\t\t\t\t\t\t\n<h3 class=\"uppercase\">Correo electr\u00f3nico<\/h3>\n<p>info@outdoormedals.com<\/p>\n\t\t<\/div>\n\t<\/div>\n\t\n\t\n\t\t<\/div>\n\t\t\t\t\t<\/div>\n\n\t\n<\/div>\n\t\t<\/div>\n\t\t\t\t\n<style>\n#col-154762012 > .col-inner {\n  padding: 0px 0px 0px 20px;\n}\n<\/style>\n\t<\/div>\n\n\t\n\n\t<div id=\"col-1093459952\" class=\"col medium-12 small-12 large-6\"  >\n\t\t\t\t<div class=\"col-inner text-left\" style=\"background-color:rgba(6, 93, 40, 0.1);\" >\n\t\t\t\n\t\t\t\n<h2>Formule una pregunta<\/h2>\n<p>\u00bfTienes alguna pregunta, petici\u00f3n o simplemente quieres saludarnos? Rellena el siguiente formulario y nos pondremos en contacto contigo lo antes posible. <\/p>\n\n<div class=\"wpcf7 no-js\" id=\"wpcf7-f2122-o1\" lang=\"es-ES\" dir=\"ltr\" data-wpcf7-id=\"2122\">\n<div class=\"screen-reader-response\"><p role=\"status\" aria-live=\"polite\" aria-atomic=\"true\"><\/p> <ul><\/ul><\/div>\n<form action=\"\/es\/wp-json\/wp\/v2\/pages\/3332#wpcf7-f2122-o1\" method=\"post\" class=\"wpcf7-form init\" aria-label=\"Formulario de contacto\" novalidate=\"novalidate\" data-status=\"init\">\n<fieldset class=\"hidden-fields-container\"><input type=\"hidden\" name=\"_wpcf7\" value=\"2122\" \/><input type=\"hidden\" name=\"_wpcf7_version\" value=\"6.1.5\" \/><input type=\"hidden\" name=\"_wpcf7_locale\" value=\"es_ES\" \/><input type=\"hidden\" name=\"_wpcf7_unit_tag\" value=\"wpcf7-f2122-o1\" \/><input type=\"hidden\" name=\"_wpcf7_container_post\" value=\"0\" \/><input type=\"hidden\" name=\"_wpcf7_posted_data_hash\" value=\"\" \/><input type=\"hidden\" name=\"_wpcf7_recaptcha_response\" value=\"\" \/>\n<\/fieldset>\n<p><span class=\"wpcf7-form-control-wrap\" data-name=\"your-name\"><input size=\"40\" maxlength=\"400\" class=\"wpcf7-form-control wpcf7-text wpcf7-validates-as-required\" autocomplete=\"name\" aria-required=\"true\" aria-invalid=\"false\" placeholder=\"Nombre *\" value=\"\" type=\"text\" name=\"your-name\" \/><\/span>\n<\/p>\n<p><span class=\"wpcf7-form-control-wrap\" data-name=\"your-email\"><input size=\"40\" maxlength=\"400\" class=\"wpcf7-form-control wpcf7-email wpcf7-validates-as-required wpcf7-text wpcf7-validates-as-email\" autocomplete=\"email\" aria-required=\"true\" aria-invalid=\"false\" placeholder=\"E-mail *\" value=\"\" type=\"email\" name=\"your-email\" \/><\/span>\n<\/p>\n<p><span class=\"wpcf7-form-control-wrap\" data-name=\"your-message\"><textarea cols=\"40\" rows=\"10\" maxlength=\"2000\" class=\"wpcf7-form-control wpcf7-textarea\" aria-invalid=\"false\" placeholder=\"\u00bfC\u00f3mo podemos ayudarle?\" name=\"your-message\"><\/textarea><\/span>\n<\/p>\n<p><input class=\"wpcf7-form-control wpcf7-submit has-spinner\" type=\"submit\" value=\"Enviar mensaje\" \/>\n<\/p><div class=\"wpcf7-response-output\" aria-hidden=\"true\"><\/div>\n<\/form>\n<\/div>\n\n\t\t<\/div>\n\t\t\t\t\n<style>\n#col-1093459952 > .col-inner {\n  padding: 30px 30px 10px 30px;\n  border-radius: 20px;\n}\n@media (min-width:550px) {\n  #col-1093459952 > .col-inner {\n    padding: 40px 40px 20px 40px;\n  }\n}\n<\/style>\n\t<\/div>\n\n\t\n<\/div>\n\t\t<\/div>\n\n\t\t\n<style>\n#section_1449584522 {\n  padding-top: 50px;\n  padding-bottom: 50px;\n}\n<\/style>\n\t<\/section>\n\t\n","protected":false},"excerpt":{"rendered":"","protected":false},"author":2,"featured_media":0,"parent":0,"menu_order":0,"comment_status":"closed","ping_status":"closed","template":"page-blank.php","meta":{"footnotes":""},"class_list":["post-3332","page","type-page","status-publish","hentry"],"jetpack_sharing_enabled":true,"_links":{"self":[{"href":"https:\/\/outdoormedals.com\/es\/wp-json\/wp\/v2\/pages\/3332","targetHints":{"allow":["GET"]}}],"collection":[{"href":"https:\/\/outdoormedals.com\/es\/wp-json\/wp\/v2\/pages"}],"about":[{"href":"https:\/\/outdoormedals.com\/es\/wp-json\/wp\/v2\/types\/page"}],"author":[{"embeddable":true,"href":"https:\/\/outdoormedals.com\/es\/wp-json\/wp\/v2\/users\/2"}],"replies":[{"embeddable":true,"href":"https:\/\/outdoormedals.com\/es\/wp-json\/wp\/v2\/comments?post=3332"}],"version-history":[{"count":8,"href":"https:\/\/outdoormedals.com\/es\/wp-json\/wp\/v2\/pages\/3332\/revisions"}],"predecessor-version":[{"id":3762,"href":"https:\/\/outdoormedals.com\/es\/wp-json\/wp\/v2\/pages\/3332\/revisions\/3762"}],"wp:attachment":[{"href":"https:\/\/outdoormedals.com\/es\/wp-json\/wp\/v2\/media?parent=3332"}],"curies":[{"name":"wp","href":"https:\/\/api.w.org\/{rel}","templated":true}]}}