{"id":3379,"date":"2025-06-11T08:48:15","date_gmt":"2025-06-11T08:48:15","guid":{"rendered":"https:\/\/outdoormedals.com\/quienes-somos\/"},"modified":"2025-10-18T07:37:24","modified_gmt":"2025-10-18T07:37:24","slug":"quienes-somos","status":"publish","type":"page","link":"https:\/\/outdoormedals.com\/es\/quienes-somos\/","title":{"rendered":"Qui\u00e9nes somos"},"content":{"rendered":"\n\t<section class=\"section dark\" id=\"section_448587736\">\n\t\t<div class=\"section-bg fill\" >\n\t\t\t<img decoding=\"async\" width=\"2560\" height=\"1152\" src=\"https:\/\/outdoormedals.com\/wp-content\/uploads\/2023\/06\/iStock-1192278941-scaled.jpg\" class=\"bg attachment- size-\" alt=\"\" \/>\t\t\t\t\t\t<div class=\"section-bg-overlay absolute fill\"><\/div>\n\t\t\t\n\n\t\t<\/div>\n\n\t\t\n\n\t\t<div class=\"section-content relative\">\n\t\t\t\n<div class=\"row align-center\"  id=\"row-907713932\">\n\n\t<div id=\"col-435986666\" class=\"col medium-7 small-12 large-7\"  >\n\t\t\t\t<div class=\"col-inner\"  >\n\t\t\t\n\t\t\t\n\t<div id=\"text-3009705664\" class=\"text\">\n\t\t\n<h1>SOBRE NOSOTROS<\/h1>\n\t\t\n<style>\n#text-3009705664 {\n  font-size: 1.4rem;\n  text-align: center;\n}\n<\/style>\n\t<\/div>\n\t\n\t\t<\/div>\n\t\t\t\t\t<\/div>\n\n\t\n<\/div>\n\t\t<\/div>\n\n\t\t\n<style>\n#section_448587736 {\n  padding-top: 100px;\n  padding-bottom: 100px;\n  min-height: 200px;\n}\n#section_448587736 .section-bg-overlay {\n  background-color: rgba(0, 0, 0, 0.5);\n}\n#section_448587736 .section-bg img {\n  object-position: 54% 62%;\n}\n@media (min-width:550px) {\n  #section_448587736 {\n    min-height: 300px;\n  }\n}\n@media (min-width:850px) {\n  #section_448587736 {\n    min-height: 400px;\n  }\n}\n<\/style>\n\t<\/section>\n\t\n\n\t<section class=\"section\" id=\"section_353216034\">\n\t\t<div class=\"section-bg fill\" >\n\t\t\t\t\t\t\t\t\t\n\t\t\t\n\n\t\t<\/div>\n\n\t\t\n\t<div class=\"ux-shape-divider ux-shape-divider--bottom ux-shape-divider--style-curve\">\n\t\t<svg viewBox=\"0 0 1000 100\" xmlns=\"http:\/\/www.w3.org\/2000\/svg\" preserveAspectRatio=\"none\">\n\t<path class=\"ux-shape-fill\" d=\"M0 0C0 0 200 50 500 50C800 50 1000 0 1000 0V101H0V1V0Z\"\/>\n<\/svg>\n\t<\/div>\n\n\t\t<div class=\"section-content relative\">\n\t\t\t\n<div class=\"row row-collapse align-center\"  id=\"row-487674475\">\n\n\t<div id=\"col-1187015221\" class=\"col medium-8 small-12 large-8\"  >\n\t\t\t\t<div class=\"col-inner text-center\"  >\n\t\t\t\n\t\t\t\n<h2>Outdoor Medals &#8211; Every medal tells a story<\/h2>\n<p data-start=\"90\" data-end=\"352\">En Outdoor Medals, creemos que cada paso, cada historia y cada logro importan. Ya sea caminando o en bicicleta en cualquier lugar de Europa; es tu aventura. Y ahora, puedes hacer que ese hito sea realmente personal con una medalla que se convierta en un recuerdo duradero.  <\/p>\n<p data-start=\"354\" data-end=\"622\">Nuestras medallas son algo m\u00e1s que metal. Est\u00e1n hechas con cuidado, atenci\u00f3n al detalle y verdadera artesan\u00eda. Cada una es un s\u00edmbolo de tu viaje; a tu ritmo, con tu historia. Cada dise\u00f1o es \u00fanico, inspirado en el paisaje, la ruta y el pa\u00eds que hay detr\u00e1s.   <\/p>\n<a class=\"button success\" style=\"border-radius:51px;padding:10px 30px 10px 30px;\">\n\t\t<span>Nuestra historia<\/span>\n\t<\/a>\n\n\t\t<\/div>\n\t\t\t\t\t<\/div>\n\n\t\n<\/div>\n\t\t<\/div>\n\n\t\t\n<style>\n#section_353216034 {\n  padding-top: 50px;\n  padding-bottom: 50px;\n  background-color: rgba(6, 93, 40, 0.1);\n}\n#section_353216034 .ux-shape-divider--bottom svg {\n  height: 50px;\n  --divider-width: 100%;\n}\n<\/style>\n\t<\/section>\n\t\n\n\t<section class=\"section\" id=\"section_1622637500\">\n\t\t<div class=\"section-bg fill\" >\n\t\t\t\t\t\t\t\t\t\n\t\t\t\n\n\t\t<\/div>\n\n\t\t\n\n\t\t<div class=\"section-content relative\">\n\t\t\t\n<div class=\"row align-middle align-center\"  id=\"row-2143844760\">\n\n\t<div id=\"col-2071092010\" class=\"col medium-11 small-12 large-6\"  >\n\t\t\t\t<div class=\"col-inner\"  >\n\t\t\t\n\t\t\t\n\t<div class=\"img has-hover radius20 tape tape-left x md-x lg-x y md-y lg-y\" id=\"image_222610718\">\n\t\t\t\t\t\t\t\t<div class=\"img-inner image-cover dark\" style=\"padding-top:100%;\">\n\t\t\t<img decoding=\"async\" width=\"1020\" height=\"680\" src=\"https:\/\/outdoormedals.com\/wp-content\/uploads\/2025\/04\/7C204540-1200x800.jpg\" class=\"attachment-large size-large\" alt=\"\" srcset=\"https:\/\/outdoormedals.com\/wp-content\/uploads\/2025\/04\/7C204540-1200x800.jpg 1200w, https:\/\/outdoormedals.com\/wp-content\/uploads\/2025\/04\/7C204540-600x400.jpg 600w, https:\/\/outdoormedals.com\/wp-content\/uploads\/2025\/04\/7C204540-768x512.jpg 768w, https:\/\/outdoormedals.com\/wp-content\/uploads\/2025\/04\/7C204540-1536x1024.jpg 1536w, https:\/\/outdoormedals.com\/wp-content\/uploads\/2025\/04\/7C204540-2048x1365.jpg 2048w, https:\/\/outdoormedals.com\/wp-content\/uploads\/2025\/04\/7C204540-1320x880.jpg 1320w\" sizes=\"(max-width: 1020px) 100vw, 1020px\" \/>\t\t\t\t\t\t\n\t\t\t\t\t<\/div>\n\t\t\t\t\t\t\t\t\n<style>\n#image_222610718 {\n  width: 100%;\n}\n<\/style>\n\t<\/div>\n\t\n\t\t<\/div>\n\t\t\t\t\t<\/div>\n\n\t\n\n\t<div id=\"col-1050125117\" class=\"col medium-11 small-12 large-6\"  >\n\t\t\t\t<div class=\"col-inner\"  >\n\t\t\t\n\t\t\t\n\t<div id=\"text-872240717\" class=\"text\">\n\t\t\n<h2>Visi\u00f3n<\/h2>\n<p>En Outdoor Medals, creemos que cada aventura del Camino, grande o peque\u00f1a, merece un reconocimiento. Comprendemos la inmensa dedicaci\u00f3n, perseverancia y pasi\u00f3n que se necesitan para conquistar rutas de larga distancia y superar los l\u00edmites personales.<\/p>\n<p>Nuestra misi\u00f3n es honrar estos notables logros con una Medalla del Camino cuidadosamente dise\u00f1ada, un s\u00edmbolo duradero de la resistencia f\u00edsica y mental de cada peregrino. Junto con los caminantes y ciclistas, no s\u00f3lo pretendemos celebrar experiencias inolvidables, sino tambi\u00e9n contribuir al avance de la investigaci\u00f3n sobre el c\u00e1ncer. <\/p>\n\t\t\n<style>\n#text-872240717 {\n  color: rgb(0,0,0);\n}\n#text-872240717 > * {\n  color: rgb(0,0,0);\n}\n<\/style>\n\t<\/div>\n\t\n\t\t<\/div>\n\t\t\t\t\t<\/div>\n\n\t\n<\/div>\n\t\t<\/div>\n\n\t\t\n<style>\n#section_1622637500 {\n  padding-top: 80px;\n  padding-bottom: 80px;\n}\n<\/style>\n\t<\/section>\n\t\n\n\t<section class=\"section\" id=\"section_1009248459\">\n\t\t<div class=\"section-bg fill\" >\n\t\t\t\t\t\t\t\t\t\n\t\t\t\n\n\t\t<\/div>\n\n\t\t\n\n\t\t<div class=\"section-content relative\">\n\t\t\t\n<div class=\"row align-middle align-center\"  id=\"row-1150320654\">\n\n\t<div id=\"col-835547264\" class=\"col medium-11 small-12 large-6\"  >\n\t\t\t\t<div class=\"col-inner\"  >\n\t\t\t\n\t\t\t\n<h2>Camino Franc\u00e9s; Pa\u00edses Bajos a Santiago de Compostela (2.500 km)<\/h2>\n<p>Outdoor Medals naci\u00f3 de la pasi\u00f3n compartida de Leroy y Fabienne por las actividades al aire libre y de su creencia en el poder transformador de la aventura.<\/p>\n<p data-start=\"303\" data-end=\"615\">En 2023, Leroy parti\u00f3 en su bicicleta y complet\u00f3 toda la ruta desde Holanda hasta Santiago de Compostela. Un viaje de 2.500 kil\u00f3metros con un prop\u00f3sito especial: recaudar dinero para la investigaci\u00f3n del c\u00e1ncer. Su motivaci\u00f3n era profundamente personal, ya que sus dos suegros se hab\u00edan visto afectados por una forma rara de c\u00e1ncer.  <\/p>\n<p data-start=\"617\" data-end=\"831\">El 3 de junio de 2023, Leroy lleg\u00f3 a la catedral de Santiago tras un viaje de algo menos de cinco semanas. \u00c9l sabe mejor que nadie lo gratificante que puede ser una aventura as\u00ed y lo significativo que es conmemorarla. <\/p>\n\t\t<\/div>\n\t\t\t\t\t<\/div>\n\n\t\n\n\t<div id=\"col-1708982314\" class=\"col medium-11 small-12 large-6\"  >\n\t\t\t\t<div class=\"col-inner\"  >\n\t\t\t\n\t\t\t\n\t<div class=\"img has-hover radius20 tape tape-right x md-x lg-x y md-y lg-y\" id=\"image_736199877\">\n\t\t\t\t\t\t\t\t<div class=\"img-inner image-cover dark\" style=\"padding-top:100%;\">\n\t\t\t<img decoding=\"async\" width=\"902\" height=\"800\" src=\"https:\/\/outdoormedals.com\/wp-content\/uploads\/2023\/07\/WhatsApp-Image-2023-07-11-at-23.16.47-e1689110415939-902x800.jpeg\" class=\"attachment-large size-large\" alt=\"\" srcset=\"https:\/\/outdoormedals.com\/wp-content\/uploads\/2023\/07\/WhatsApp-Image-2023-07-11-at-23.16.47-e1689110415939-902x800.jpeg 902w, https:\/\/outdoormedals.com\/wp-content\/uploads\/2023\/07\/WhatsApp-Image-2023-07-11-at-23.16.47-e1689110415939-451x400.jpeg 451w, https:\/\/outdoormedals.com\/wp-content\/uploads\/2023\/07\/WhatsApp-Image-2023-07-11-at-23.16.47-e1689110415939-768x681.jpeg 768w, https:\/\/outdoormedals.com\/wp-content\/uploads\/2023\/07\/WhatsApp-Image-2023-07-11-at-23.16.47-e1689110415939-600x532.jpeg 600w, https:\/\/outdoormedals.com\/wp-content\/uploads\/2023\/07\/WhatsApp-Image-2023-07-11-at-23.16.47-e1689110415939.jpeg 1200w\" sizes=\"(max-width: 902px) 100vw, 902px\" \/>\t\t\t\t\t\t\n\t\t\t\t\t<\/div>\n\t\t\t\t\t\t\t\t\n<style>\n#image_736199877 {\n  width: 100%;\n}\n<\/style>\n\t<\/div>\n\t\n\t\t<\/div>\n\t\t\t\t\t<\/div>\n\n\t\n<\/div>\n\t\t<\/div>\n\n\t\t\n<style>\n#section_1009248459 {\n  padding-top: 80px;\n  padding-bottom: 80px;\n  background-color: rgba(171, 150, 122, 0.1);\n}\n<\/style>\n\t<\/section>\n\t\n\n\t<section class=\"section\" id=\"section_465081151\">\n\t\t<div class=\"section-bg fill\" >\n\t\t\t\t\t\t\t\t\t\n\t\t\t\n\n\t\t<\/div>\n\n\t\t\n\n\t\t<div class=\"section-content relative\">\n\t\t\t\n<div class=\"row align-middle align-center\"  id=\"row-626263916\">\n\n\t<div id=\"col-134699781\" class=\"col medium-11 small-12 large-6\"  >\n\t\t\t\t<div class=\"col-inner\"  >\n\t\t\t\n\t\t\t\n<h2>Camino Portugu\u00e9s; De Oporto a Santiago de Compostela<\/h2>\n<p data-start=\"0\" data-end=\"304\">En 2024 nos despedimos de nuestros padres\/suegros, que fallecieron ambos de formas raras de c\u00e1ncer. Tras una cuidadosa discusi\u00f3n, decidieron marcharse juntos mediante eutanasia doble. Fue un a\u00f1o intenso y desgarrador en el que perdimos repentinamente a dos personas muy queridas que ocupaban un lugar central en nuestras vidas.  <\/p>\n<p data-start=\"306\" data-end=\"717\">El duelo no es un camino recto; es un proceso que requiere tiempo, espacio y movimiento. Por eso, en mayo de 2025, decidimos recorrer juntos el Camino Portugu\u00e9s desde Oporto hasta Santiago de Compostela por la ruta costera. Nuestro objetivo era doble: recaudar fondos para la investigaci\u00f3n de los c\u00e1nceres que se los llevaron, y hacer una pausa, recordar y dar un lugar a nuestro dolor. Llamamos al viaje &#8220;Pararse en movimiento&#8221;.   <\/p>\n<p data-start=\"719\" data-end=\"843\" data-is-last-node=\"\" data-is-only-node=\"\">Se convirti\u00f3 en una extraordinaria y emotiva peregrinaci\u00f3n medida en kil\u00f3metros, pero definida por la conexi\u00f3n, el recuerdo y la curaci\u00f3n.<\/p>\n\t\t<\/div>\n\t\t\t\t\t<\/div>\n\n\t\n\n\t<div id=\"col-1491468013\" class=\"col medium-11 small-12 large-6\"  >\n\t\t\t\t<div class=\"col-inner\"  >\n\t\t\t\n\t\t\t\n\t<div class=\"img has-hover radius20 tape tape-right x md-x lg-x y md-y lg-y\" id=\"image_1716985413\">\n\t\t\t\t\t\t\t\t<div class=\"img-inner image-cover dark\" style=\"padding-top:100%;\">\n\t\t\t<img decoding=\"async\" width=\"533\" height=\"800\" src=\"https:\/\/outdoormedals.com\/wp-content\/uploads\/2025\/07\/7C205968-533x800.jpg\" class=\"attachment-large size-large\" alt=\"\" srcset=\"https:\/\/outdoormedals.com\/wp-content\/uploads\/2025\/07\/7C205968-533x800.jpg 533w, https:\/\/outdoormedals.com\/wp-content\/uploads\/2025\/07\/7C205968-267x400.jpg 267w, https:\/\/outdoormedals.com\/wp-content\/uploads\/2025\/07\/7C205968-768x1152.jpg 768w, https:\/\/outdoormedals.com\/wp-content\/uploads\/2025\/07\/7C205968-1024x1536.jpg 1024w, https:\/\/outdoormedals.com\/wp-content\/uploads\/2025\/07\/7C205968-1320x1980.jpg 1320w, https:\/\/outdoormedals.com\/wp-content\/uploads\/2025\/07\/7C205968-600x900.jpg 600w, https:\/\/outdoormedals.com\/wp-content\/uploads\/2025\/07\/7C205968.jpg 1365w\" sizes=\"(max-width: 533px) 100vw, 533px\" \/>\t\t\t\t\t\t\n\t\t\t\t\t<\/div>\n\t\t\t\t\t\t\t\t\n<style>\n#image_1716985413 {\n  width: 100%;\n}\n<\/style>\n\t<\/div>\n\t\n\t\t<\/div>\n\t\t\t\t\t<\/div>\n\n\t\n<\/div>\n\t\t<\/div>\n\n\t\t\n<style>\n#section_465081151 {\n  padding-top: 80px;\n  padding-bottom: 80px;\n  background-color: rgba(171, 150, 122, 0.1);\n}\n<\/style>\n\t<\/section>\n\t\n\n\t<section class=\"section\" id=\"section_945551867\">\n\t\t<div class=\"section-bg fill\" >\n\t\t\t\t\t\t\t\t\t\n\t\t\t\n\n\t\t<\/div>\n\n\t\t\n\n\t\t<div class=\"section-content relative\">\n\t\t\t\n<div class=\"row\"  id=\"row-225807181\">\n\n\t<div id=\"col-250455193\" class=\"col small-12 large-12\"  >\n\t\t\t\t<div class=\"col-inner\"  >\n\t\t\t\n\t\t\t\n\t<div id=\"text-307705703\" class=\"text\">\n\t\t\n<h2>Antoni van Leeuwenhoek<\/h2>\n<p>Gracias a su esp\u00edritu emprendedor y a su amor por las actividades al aire libre, Leroy y Fabienne crearon Outdoor Medals, una plataforma para honrar a otros aventureros y contribuir al avance de la investigaci\u00f3n del c\u00e1ncer contra el que luchaban los padres de Fabienne.  <strong>Outdoor Medals donar\u00e1 5 euros por medalla vendida a la Fundaci\u00f3n AVL,<\/strong> concretamente a dos departamentos: uno dedicado a la investigaci\u00f3n del c\u00e1ncer de mama poco frecuente y otro centrado en el avance del conocimiento sobre el Carcinoma Neuroendocrino (CNE). Al apoyar a Outdoor Medals, no s\u00f3lo celebra su propio esp\u00edritu aventurero, sino que tambi\u00e9n contribuye a una causa significativa cuyo objetivo es mejorar la vida de los afectados por estas dif\u00edciles enfermedades. Juntos, \u00a1marquemos la diferencia! Para m\u00e1s informaci\u00f3n, visita el sitio web de la Fundaci\u00f3n AVL: <a href=\"https:\/\/avlfoundation.nl\/camino-medal\/\" target=\"_blank\" rel=\"noopener\">M\u00e1s informaci\u00f3n Fundaci\u00f3n AVL<\/a><br \/>\n\t\t\n<style>\n#text-307705703 {\n  text-align: center;\n  color: rgb(255,255,255);\n}\n#text-307705703 > * {\n  color: rgb(255,255,255);\n}\n<\/style>\n\t<\/div>\n\t\n\t\t<\/div>\n\t\t\t\t\t<\/div>\n\n\t\n<\/div>\n<div class=\"row\"  id=\"row-30927364\">\n\n\t<div id=\"col-1563107344\" class=\"col medium-4 small-12 large-4\"  >\n\t\t\t\t<div class=\"col-inner\"  >\n\t\t\t\n\t\t\t\n\t<div class=\"img has-hover tape t-middle radius20 x md-x lg-x y md-y lg-y\" id=\"image_226169293\">\n\t\t\t\t\t\t\t\t<div class=\"img-inner image-cover dark\" style=\"padding-top:100%;margin:0px 0px 0px 0px;\">\n\t\t\t<img decoding=\"async\" width=\"1080\" height=\"1080\" src=\"https:\/\/outdoormedals.com\/wp-content\/uploads\/2025\/06\/Ontwerp-zonder-titel-1.png\" class=\"attachment-original size-original\" alt=\"\" srcset=\"https:\/\/outdoormedals.com\/wp-content\/uploads\/2025\/06\/Ontwerp-zonder-titel-1.png 1080w, https:\/\/outdoormedals.com\/wp-content\/uploads\/2025\/06\/Ontwerp-zonder-titel-1-400x400.png 400w, https:\/\/outdoormedals.com\/wp-content\/uploads\/2025\/06\/Ontwerp-zonder-titel-1-800x800.png 800w, https:\/\/outdoormedals.com\/wp-content\/uploads\/2025\/06\/Ontwerp-zonder-titel-1-280x280.png 280w, https:\/\/outdoormedals.com\/wp-content\/uploads\/2025\/06\/Ontwerp-zonder-titel-1-768x768.png 768w, https:\/\/outdoormedals.com\/wp-content\/uploads\/2025\/06\/Ontwerp-zonder-titel-1-300x300.png 300w, https:\/\/outdoormedals.com\/wp-content\/uploads\/2025\/06\/Ontwerp-zonder-titel-1-600x600.png 600w, https:\/\/outdoormedals.com\/wp-content\/uploads\/2025\/06\/Ontwerp-zonder-titel-1-100x100.png 100w\" sizes=\"(max-width: 1080px) 100vw, 1080px\" \/>\t\t\t\t\t\t\n\t\t\t\t\t<\/div>\n\t\t\t\t\t\t\t\t\n<style>\n#image_226169293 {\n  width: 100%;\n}\n@media (min-width:550px) {\n  #image_226169293 {\n    width: 100%;\n  }\n}\n<\/style>\n\t<\/div>\n\t\n\t\t<\/div>\n\t\t\t\t\t<\/div>\n\n\t\n\n\t<div id=\"col-1608792517\" class=\"col medium-4 small-12 large-4\"  >\n\t\t\t\t<div class=\"col-inner\"  >\n\t\t\t\n\t\t\t\n\t<div class=\"img has-hover tape t-middle radius20 x md-x lg-x y md-y lg-y\" id=\"image_1530076182\">\n\t\t\t\t\t\t\t\t<div class=\"img-inner image-cover dark\" style=\"padding-top:100%;\">\n\t\t\t<img decoding=\"async\" width=\"2126\" height=\"1535\" src=\"https:\/\/outdoormedals.com\/wp-content\/uploads\/2023\/10\/Cheque_20230719_01-1.jpg\" class=\"attachment-original size-original\" alt=\"\" srcset=\"https:\/\/outdoormedals.com\/wp-content\/uploads\/2023\/10\/Cheque_20230719_01-1.jpg 2126w, https:\/\/outdoormedals.com\/wp-content\/uploads\/2023\/10\/Cheque_20230719_01-1-554x400.jpg 554w, https:\/\/outdoormedals.com\/wp-content\/uploads\/2023\/10\/Cheque_20230719_01-1-1108x800.jpg 1108w, https:\/\/outdoormedals.com\/wp-content\/uploads\/2023\/10\/Cheque_20230719_01-1-768x555.jpg 768w, https:\/\/outdoormedals.com\/wp-content\/uploads\/2023\/10\/Cheque_20230719_01-1-1536x1109.jpg 1536w, https:\/\/outdoormedals.com\/wp-content\/uploads\/2023\/10\/Cheque_20230719_01-1-2048x1479.jpg 2048w, https:\/\/outdoormedals.com\/wp-content\/uploads\/2023\/10\/Cheque_20230719_01-1-1320x953.jpg 1320w, https:\/\/outdoormedals.com\/wp-content\/uploads\/2023\/10\/Cheque_20230719_01-1-600x433.jpg 600w\" sizes=\"(max-width: 2126px) 100vw, 2126px\" \/>\t\t\t\t\t\t\n\t\t\t\t\t<\/div>\n\t\t\t\t\t\t\t\t\n<style>\n#image_1530076182 {\n  width: 100%;\n}\n<\/style>\n\t<\/div>\n\t\n\t\t<\/div>\n\t\t\t\t\t<\/div>\n\n\t\n\n\t<div id=\"col-1219367229\" class=\"col medium-4 small-12 large-4\"  >\n\t\t\t\t<div class=\"col-inner\"  >\n\t\t\t\n\t\t\t\n\t<div class=\"img has-hover tape t-middle radius20 x md-x lg-x y md-y lg-y\" id=\"image_265776107\">\n\t\t\t\t\t\t\t\t<div class=\"img-inner image-cover dark\" style=\"padding-top:100%;\">\n\t\t\t<img decoding=\"async\" width=\"1707\" height=\"2560\" src=\"https:\/\/outdoormedals.com\/wp-content\/uploads\/2023\/10\/231016-Foto-Antoni_DEF_HR-scaled.jpg\" class=\"attachment-original size-original\" alt=\"\" srcset=\"https:\/\/outdoormedals.com\/wp-content\/uploads\/2023\/10\/231016-Foto-Antoni_DEF_HR-scaled.jpg 1707w, https:\/\/outdoormedals.com\/wp-content\/uploads\/2023\/10\/231016-Foto-Antoni_DEF_HR-267x400.jpg 267w, https:\/\/outdoormedals.com\/wp-content\/uploads\/2023\/10\/231016-Foto-Antoni_DEF_HR-533x800.jpg 533w, https:\/\/outdoormedals.com\/wp-content\/uploads\/2023\/10\/231016-Foto-Antoni_DEF_HR-768x1152.jpg 768w, https:\/\/outdoormedals.com\/wp-content\/uploads\/2023\/10\/231016-Foto-Antoni_DEF_HR-1024x1536.jpg 1024w, https:\/\/outdoormedals.com\/wp-content\/uploads\/2023\/10\/231016-Foto-Antoni_DEF_HR-1365x2048.jpg 1365w, https:\/\/outdoormedals.com\/wp-content\/uploads\/2023\/10\/231016-Foto-Antoni_DEF_HR-1320x1980.jpg 1320w, https:\/\/outdoormedals.com\/wp-content\/uploads\/2023\/10\/231016-Foto-Antoni_DEF_HR-600x900.jpg 600w\" sizes=\"(max-width: 1707px) 100vw, 1707px\" \/>\t\t\t\t\t\t\n\t\t\t\t\t<\/div>\n\t\t\t\t\t\t\t\t\n<style>\n#image_265776107 {\n  width: 100%;\n}\n<\/style>\n\t<\/div>\n\t\n\t\t<\/div>\n\t\t\t\t\t<\/div>\n\n\t\n<\/div>\n\t\t<\/div>\n\n\t\t\n<style>\n#section_945551867 {\n  padding-top: 50px;\n  padding-bottom: 50px;\n  background-color: rgb(171, 150, 122);\n}\n<\/style>\n\t<\/section>\n\t\n","protected":false},"excerpt":{"rendered":"","protected":false},"author":2,"featured_media":0,"parent":0,"menu_order":0,"comment_status":"closed","ping_status":"closed","template":"page-blank.php","meta":{"footnotes":""},"class_list":["post-3379","page","type-page","status-publish","hentry"],"jetpack_sharing_enabled":true,"_links":{"self":[{"href":"https:\/\/outdoormedals.com\/es\/wp-json\/wp\/v2\/pages\/3379","targetHints":{"allow":["GET"]}}],"collection":[{"href":"https:\/\/outdoormedals.com\/es\/wp-json\/wp\/v2\/pages"}],"about":[{"href":"https:\/\/outdoormedals.com\/es\/wp-json\/wp\/v2\/types\/page"}],"author":[{"embeddable":true,"href":"https:\/\/outdoormedals.com\/es\/wp-json\/wp\/v2\/users\/2"}],"replies":[{"embeddable":true,"href":"https:\/\/outdoormedals.com\/es\/wp-json\/wp\/v2\/comments?post=3379"}],"version-history":[{"count":6,"href":"https:\/\/outdoormedals.com\/es\/wp-json\/wp\/v2\/pages\/3379\/revisions"}],"predecessor-version":[{"id":3723,"href":"https:\/\/outdoormedals.com\/es\/wp-json\/wp\/v2\/pages\/3379\/revisions\/3723"}],"wp:attachment":[{"href":"https:\/\/outdoormedals.com\/es\/wp-json\/wp\/v2\/media?parent=3379"}],"curies":[{"name":"wp","href":"https:\/\/api.w.org\/{rel}","templated":true}]}}