{"id":1275,"date":"2023-07-05T16:56:52","date_gmt":"2023-07-05T16:56:52","guid":{"rendered":"https:\/\/outdoormedals.com\/product\/medalla-camino\/"},"modified":"2026-01-14T11:06:23","modified_gmt":"2026-01-14T11:06:23","slug":"camino-medal","status":"publish","type":"product","link":"https:\/\/outdoormedals.com\/es\/producto\/camino-medal\/","title":{"rendered":"Medalla Camino"},"content":{"rendered":"","protected":false},"excerpt":{"rendered":"<p>Esta medalla est\u00e1 especialmente dise\u00f1ada para la peregrinaci\u00f3n a Santiago de Compostela. Un viaje que puedes hacer a pie, en bicicleta o incluso a caballo. Tanto si has hecho el Camino como si quieres sorprender a alguien con un regalo especial: con esta medalla \u00fanica, le dar\u00e1s sentido a una experiencia inolvidable.<\/p>\n<p>\u00a1Cada medalla tiene una historia personal!<\/p>\n","protected":false},"featured_media":3598,"comment_status":"open","ping_status":"closed","template":"","meta":[],"product_brand":[],"product_cat":[116],"product_tag":[126,131,134],"class_list":{"0":"post-1275","1":"product","2":"type-product","3":"status-publish","4":"has-post-thumbnail","6":"product_cat-medallas","7":"product_tag-camino-es","8":"product_tag-medalla","9":"product_tag-santiago-es","11":"first","12":"instock","13":"taxable","14":"shipping-taxable","15":"purchasable","16":"product-type-simple"},"jetpack_sharing_enabled":true,"_links":{"self":[{"href":"https:\/\/outdoormedals.com\/es\/wp-json\/wp\/v2\/product\/1275","targetHints":{"allow":["GET"]}}],"collection":[{"href":"https:\/\/outdoormedals.com\/es\/wp-json\/wp\/v2\/product"}],"about":[{"href":"https:\/\/outdoormedals.com\/es\/wp-json\/wp\/v2\/types\/product"}],"replies":[{"embeddable":true,"href":"https:\/\/outdoormedals.com\/es\/wp-json\/wp\/v2\/comments?post=1275"}],"wp:featuredmedia":[{"embeddable":true,"href":"https:\/\/outdoormedals.com\/es\/wp-json\/wp\/v2\/media\/3598"}],"wp:attachment":[{"href":"https:\/\/outdoormedals.com\/es\/wp-json\/wp\/v2\/media?parent=1275"}],"wp:term":[{"taxonomy":"product_brand","embeddable":true,"href":"https:\/\/outdoormedals.com\/es\/wp-json\/wp\/v2\/product_brand?post=1275"},{"taxonomy":"product_cat","embeddable":true,"href":"https:\/\/outdoormedals.com\/es\/wp-json\/wp\/v2\/product_cat?post=1275"},{"taxonomy":"product_tag","embeddable":true,"href":"https:\/\/outdoormedals.com\/es\/wp-json\/wp\/v2\/product_tag?post=1275"}],"curies":[{"name":"wp","href":"https:\/\/api.w.org\/{rel}","templated":true}]}}