{"id":3372,"date":"2025-06-11T08:48:15","date_gmt":"2025-06-11T08:48:15","guid":{"rendered":"https:\/\/outdoormedals.com\/a-propos-de-nous\/"},"modified":"2025-10-18T07:37:24","modified_gmt":"2025-10-18T07:37:24","slug":"a-propos-de-nous","status":"publish","type":"page","link":"https:\/\/outdoormedals.com\/fr\/a-propos-de-nous\/","title":{"rendered":"A propos de nous"},"content":{"rendered":"\n\t<section class=\"section dark\" id=\"section_1943138883\">\n\t\t<div class=\"section-bg fill\" >\n\t\t\t<img decoding=\"async\" width=\"2560\" height=\"1152\" src=\"https:\/\/outdoormedals.com\/wp-content\/uploads\/2023\/06\/iStock-1192278941-scaled.jpg\" class=\"bg attachment- size-\" alt=\"\" \/>\t\t\t\t\t\t<div class=\"section-bg-overlay absolute fill\"><\/div>\n\t\t\t\n\n\t\t<\/div>\n\n\t\t\n\n\t\t<div class=\"section-content relative\">\n\t\t\t\n<div class=\"row align-center\"  id=\"row-239833568\">\n\n\t<div id=\"col-1266894369\" class=\"col medium-7 small-12 large-7\"  >\n\t\t\t\t<div class=\"col-inner\"  >\n\t\t\t\n\t\t\t\n\t<div id=\"text-3098476999\" class=\"text\">\n\t\t\n<h1>\u00c0 PROPOS DE NOUS<\/h1>\n\t\t\n<style>\n#text-3098476999 {\n  font-size: 1.4rem;\n  text-align: center;\n}\n<\/style>\n\t<\/div>\n\t\n\t\t<\/div>\n\t\t\t\t\t<\/div>\n\n\t\n<\/div>\n\t\t<\/div>\n\n\t\t\n<style>\n#section_1943138883 {\n  padding-top: 100px;\n  padding-bottom: 100px;\n  min-height: 200px;\n}\n#section_1943138883 .section-bg-overlay {\n  background-color: rgba(0, 0, 0, 0.5);\n}\n#section_1943138883 .section-bg img {\n  object-position: 54% 62%;\n}\n@media (min-width:550px) {\n  #section_1943138883 {\n    min-height: 300px;\n  }\n}\n@media (min-width:850px) {\n  #section_1943138883 {\n    min-height: 400px;\n  }\n}\n<\/style>\n\t<\/section>\n\t\n\n\t<section class=\"section\" id=\"section_913387915\">\n\t\t<div class=\"section-bg fill\" >\n\t\t\t\t\t\t\t\t\t\n\t\t\t\n\n\t\t<\/div>\n\n\t\t\n\t<div class=\"ux-shape-divider ux-shape-divider--bottom ux-shape-divider--style-curve\">\n\t\t<svg viewBox=\"0 0 1000 100\" xmlns=\"http:\/\/www.w3.org\/2000\/svg\" preserveAspectRatio=\"none\">\n\t<path class=\"ux-shape-fill\" d=\"M0 0C0 0 200 50 500 50C800 50 1000 0 1000 0V101H0V1V0Z\"\/>\n<\/svg>\n\t<\/div>\n\n\t\t<div class=\"section-content relative\">\n\t\t\t\n<div class=\"row row-collapse align-center\"  id=\"row-920931935\">\n\n\t<div id=\"col-1852785762\" class=\"col medium-8 small-12 large-8\"  >\n\t\t\t\t<div class=\"col-inner text-center\"  >\n\t\t\t\n\t\t\t\n<h2>Outdoor Medals &#8211; Every medal tells a story<\/h2>\n<p data-start=\"90\" data-end=\"352\">Chez Outdoor Medals, nous pensons que chaque \u00e9tape, chaque histoire et chaque r\u00e9alisation sont importantes. Que vous marchiez ou que vous fassiez du v\u00e9lo n&rsquo;importe o\u00f9 en Europe, c&rsquo;est votre aventure. Et maintenant, vous pouvez rendre cette \u00e9tape vraiment personnelle gr\u00e2ce \u00e0 une m\u00e9daille qui deviendra un souvenir imp\u00e9rissable.  <\/p>\n<p data-start=\"354\" data-end=\"622\">Nos m\u00e9dailles sont plus que du m\u00e9tal. Elles sont fabriqu\u00e9es avec soin, dans le souci du d\u00e9tail et avec un v\u00e9ritable savoir-faire artisanal. Chacune d&rsquo;entre elles est le symbole de votre voyage, \u00e0 votre rythme, avec votre histoire. Chaque mod\u00e8le est unique et s&rsquo;inspire du paysage, de l&rsquo;itin\u00e9raire et du pays.   <\/p>\n<a class=\"button success\" style=\"border-radius:51px;padding:10px 30px 10px 30px;\">\n\t\t<span>Notre histoire<\/span>\n\t<\/a>\n\n\t\t<\/div>\n\t\t\t\t\t<\/div>\n\n\t\n<\/div>\n\t\t<\/div>\n\n\t\t\n<style>\n#section_913387915 {\n  padding-top: 50px;\n  padding-bottom: 50px;\n  background-color: rgba(6, 93, 40, 0.1);\n}\n#section_913387915 .ux-shape-divider--bottom svg {\n  height: 50px;\n  --divider-width: 100%;\n}\n<\/style>\n\t<\/section>\n\t\n\n\t<section class=\"section\" id=\"section_2037233245\">\n\t\t<div class=\"section-bg fill\" >\n\t\t\t\t\t\t\t\t\t\n\t\t\t\n\n\t\t<\/div>\n\n\t\t\n\n\t\t<div class=\"section-content relative\">\n\t\t\t\n<div class=\"row align-middle align-center\"  id=\"row-1288759823\">\n\n\t<div id=\"col-448855382\" class=\"col medium-11 small-12 large-6\"  >\n\t\t\t\t<div class=\"col-inner\"  >\n\t\t\t\n\t\t\t\n\t<div class=\"img has-hover radius20 tape tape-left x md-x lg-x y md-y lg-y\" id=\"image_1907452077\">\n\t\t\t\t\t\t\t\t<div class=\"img-inner image-cover dark\" style=\"padding-top:100%;\">\n\t\t\t<img decoding=\"async\" width=\"1020\" height=\"680\" src=\"https:\/\/outdoormedals.com\/wp-content\/uploads\/2025\/04\/7C204540-1200x800.jpg\" class=\"attachment-large size-large\" alt=\"\" srcset=\"https:\/\/outdoormedals.com\/wp-content\/uploads\/2025\/04\/7C204540-1200x800.jpg 1200w, https:\/\/outdoormedals.com\/wp-content\/uploads\/2025\/04\/7C204540-600x400.jpg 600w, https:\/\/outdoormedals.com\/wp-content\/uploads\/2025\/04\/7C204540-768x512.jpg 768w, https:\/\/outdoormedals.com\/wp-content\/uploads\/2025\/04\/7C204540-1536x1024.jpg 1536w, https:\/\/outdoormedals.com\/wp-content\/uploads\/2025\/04\/7C204540-2048x1365.jpg 2048w, https:\/\/outdoormedals.com\/wp-content\/uploads\/2025\/04\/7C204540-1320x880.jpg 1320w\" sizes=\"(max-width: 1020px) 100vw, 1020px\" \/>\t\t\t\t\t\t\n\t\t\t\t\t<\/div>\n\t\t\t\t\t\t\t\t\n<style>\n#image_1907452077 {\n  width: 100%;\n}\n<\/style>\n\t<\/div>\n\t\n\t\t<\/div>\n\t\t\t\t\t<\/div>\n\n\t\n\n\t<div id=\"col-537198194\" class=\"col medium-11 small-12 large-6\"  >\n\t\t\t\t<div class=\"col-inner\"  >\n\t\t\t\n\t\t\t\n\t<div id=\"text-2909811660\" class=\"text\">\n\t\t\n<h2>La vision<\/h2>\n<p>Chez Outdoor Medals, nous pensons que chaque aventure du Camino, petite ou grande, m\u00e9rite d&rsquo;\u00eatre reconnue. Nous comprenons l&rsquo;immense d\u00e9vouement, la pers\u00e9v\u00e9rance et la passion qu&rsquo;il faut pour conqu\u00e9rir des itin\u00e9raires de longue distance et d\u00e9passer ses limites personnelles.<\/p>\n<p>Notre mission est d&rsquo;honorer ces r\u00e9alisations remarquables avec une m\u00e9daille du Camino soigneusement con\u00e7ue &#8211; un symbole durable de la r\u00e9sistance physique et mentale de chaque p\u00e8lerin. Avec les marcheurs et les cyclistes, nous voulons non seulement c\u00e9l\u00e9brer des exp\u00e9riences inoubliables, mais aussi contribuer \u00e0 l&rsquo;avancement de la recherche sur le cancer. <\/p>\n\t\t\n<style>\n#text-2909811660 {\n  color: rgb(0,0,0);\n}\n#text-2909811660 > * {\n  color: rgb(0,0,0);\n}\n<\/style>\n\t<\/div>\n\t\n\t\t<\/div>\n\t\t\t\t\t<\/div>\n\n\t\n<\/div>\n\t\t<\/div>\n\n\t\t\n<style>\n#section_2037233245 {\n  padding-top: 80px;\n  padding-bottom: 80px;\n}\n<\/style>\n\t<\/section>\n\t\n\n\t<section class=\"section\" id=\"section_1905085886\">\n\t\t<div class=\"section-bg fill\" >\n\t\t\t\t\t\t\t\t\t\n\t\t\t\n\n\t\t<\/div>\n\n\t\t\n\n\t\t<div class=\"section-content relative\">\n\t\t\t\n<div class=\"row align-middle align-center\"  id=\"row-1370737357\">\n\n\t<div id=\"col-490686317\" class=\"col medium-11 small-12 large-6\"  >\n\t\t\t\t<div class=\"col-inner\"  >\n\t\t\t\n\t\t\t\n<h2>Camino Franc\u00e8s ; des Pays-Bas \u00e0 Saint-Jacques-de-Compostelle (2.500 km)<\/h2>\n<p>Outdoor Medals est n\u00e9 de la passion commune de Leroy et Fabienne pour les activit\u00e9s de plein air et de leur croyance dans le pouvoir transformateur de l&rsquo;aventure.<\/p>\n<p data-start=\"303\" data-end=\"615\">En 2023, Leroy s&rsquo;\u00e9lance sur son v\u00e9lo et effectue le parcours complet des Pays-Bas \u00e0 Saint-Jacques-de-Compostelle. Un p\u00e9riple de 2 500 kilom\u00e8tres avec un objectif particulier : r\u00e9colter des fonds pour la recherche contre le cancer. Sa motivation est profond\u00e9ment personnelle, ses deux beaux-parents ayant \u00e9t\u00e9 touch\u00e9s par une forme rare de cancer.  <\/p>\n<p data-start=\"617\" data-end=\"831\">Le 3 juin 2023, Leroy a atteint la cath\u00e9drale de Santiago apr\u00e8s un voyage d&rsquo;un peu moins de cinq semaines. Il sait mieux que quiconque \u00e0 quel point une telle aventure peut \u00eatre enrichissante et combien il est important de la comm\u00e9morer. <\/p>\n\t\t<\/div>\n\t\t\t\t\t<\/div>\n\n\t\n\n\t<div id=\"col-1009779353\" class=\"col medium-11 small-12 large-6\"  >\n\t\t\t\t<div class=\"col-inner\"  >\n\t\t\t\n\t\t\t\n\t<div class=\"img has-hover radius20 tape tape-right x md-x lg-x y md-y lg-y\" id=\"image_2028515503\">\n\t\t\t\t\t\t\t\t<div class=\"img-inner image-cover dark\" style=\"padding-top:100%;\">\n\t\t\t<img decoding=\"async\" width=\"902\" height=\"800\" src=\"https:\/\/outdoormedals.com\/wp-content\/uploads\/2023\/07\/WhatsApp-Image-2023-07-11-at-23.16.47-e1689110415939-902x800.jpeg\" class=\"attachment-large size-large\" alt=\"\" srcset=\"https:\/\/outdoormedals.com\/wp-content\/uploads\/2023\/07\/WhatsApp-Image-2023-07-11-at-23.16.47-e1689110415939-902x800.jpeg 902w, https:\/\/outdoormedals.com\/wp-content\/uploads\/2023\/07\/WhatsApp-Image-2023-07-11-at-23.16.47-e1689110415939-451x400.jpeg 451w, https:\/\/outdoormedals.com\/wp-content\/uploads\/2023\/07\/WhatsApp-Image-2023-07-11-at-23.16.47-e1689110415939-768x681.jpeg 768w, https:\/\/outdoormedals.com\/wp-content\/uploads\/2023\/07\/WhatsApp-Image-2023-07-11-at-23.16.47-e1689110415939-600x532.jpeg 600w, https:\/\/outdoormedals.com\/wp-content\/uploads\/2023\/07\/WhatsApp-Image-2023-07-11-at-23.16.47-e1689110415939.jpeg 1200w\" sizes=\"(max-width: 902px) 100vw, 902px\" \/>\t\t\t\t\t\t\n\t\t\t\t\t<\/div>\n\t\t\t\t\t\t\t\t\n<style>\n#image_2028515503 {\n  width: 100%;\n}\n<\/style>\n\t<\/div>\n\t\n\t\t<\/div>\n\t\t\t\t\t<\/div>\n\n\t\n<\/div>\n\t\t<\/div>\n\n\t\t\n<style>\n#section_1905085886 {\n  padding-top: 80px;\n  padding-bottom: 80px;\n  background-color: rgba(171, 150, 122, 0.1);\n}\n<\/style>\n\t<\/section>\n\t\n\n\t<section class=\"section\" id=\"section_1337621516\">\n\t\t<div class=\"section-bg fill\" >\n\t\t\t\t\t\t\t\t\t\n\t\t\t\n\n\t\t<\/div>\n\n\t\t\n\n\t\t<div class=\"section-content relative\">\n\t\t\t\n<div class=\"row align-middle align-center\"  id=\"row-1482999273\">\n\n\t<div id=\"col-1891576222\" class=\"col medium-11 small-12 large-6\"  >\n\t\t\t\t<div class=\"col-inner\"  >\n\t\t\t\n\t\t\t\n<h2>Camino Portugu\u00e9s ; de Porto \u00e0 Saint-Jacques-de-Compostelle<\/h2>\n<p data-start=\"0\" data-end=\"304\">En 2024, nous avons dit au revoir \u00e0 nos parents\/ beaux-parents, qui sont tous deux d\u00e9c\u00e9d\u00e9s de formes rares de cancer. Apr\u00e8s une discussion approfondie, ils ont choisi de partir ensemble par euthanasie en duo. Ce fut une ann\u00e9e intense et d\u00e9chirante au cours de laquelle nous avons soudainement perdu deux personnes ch\u00e8res qui occupaient une place centrale dans notre vie.  <\/p>\n<p data-start=\"306\" data-end=\"717\">Le deuil n&rsquo;est pas un chemin rectiligne, c&rsquo;est un processus qui demande du temps, de l&rsquo;espace et du mouvement. C&rsquo;est pourquoi, en mai 2025, nous avons d\u00e9cid\u00e9 de marcher ensemble sur le Camino Portugu\u00e9s, de Porto \u00e0 Saint-Jacques-de-Compostelle, en suivant la route c\u00f4ti\u00e8re. Notre objectif \u00e9tait double : collecter des fonds pour la recherche sur les cancers qui les ont emport\u00e9s et faire une pause, se souvenir et donner une place \u00e0 notre chagrin. Nous avons baptis\u00e9 ce voyage \u00ab\u00a0L&rsquo;immobilit\u00e9 en mouvement\u00a0\u00bb.   <\/p>\n<p data-start=\"719\" data-end=\"843\" data-is-last-node=\"\" data-is-only-node=\"\">C&rsquo;est devenu un p\u00e8lerinage remarquable et \u00e9mouvant, mesur\u00e9 en kilom\u00e8tres, mais d\u00e9fini par la connexion, le souvenir et la gu\u00e9rison.<\/p>\n\t\t<\/div>\n\t\t\t\t\t<\/div>\n\n\t\n\n\t<div id=\"col-693822727\" class=\"col medium-11 small-12 large-6\"  >\n\t\t\t\t<div class=\"col-inner\"  >\n\t\t\t\n\t\t\t\n\t<div class=\"img has-hover radius20 tape tape-right x md-x lg-x y md-y lg-y\" id=\"image_724033788\">\n\t\t\t\t\t\t\t\t<div class=\"img-inner image-cover dark\" style=\"padding-top:100%;\">\n\t\t\t<img decoding=\"async\" width=\"533\" height=\"800\" src=\"https:\/\/outdoormedals.com\/wp-content\/uploads\/2025\/07\/7C205968-533x800.jpg\" class=\"attachment-large size-large\" alt=\"\" srcset=\"https:\/\/outdoormedals.com\/wp-content\/uploads\/2025\/07\/7C205968-533x800.jpg 533w, https:\/\/outdoormedals.com\/wp-content\/uploads\/2025\/07\/7C205968-267x400.jpg 267w, https:\/\/outdoormedals.com\/wp-content\/uploads\/2025\/07\/7C205968-768x1152.jpg 768w, https:\/\/outdoormedals.com\/wp-content\/uploads\/2025\/07\/7C205968-1024x1536.jpg 1024w, https:\/\/outdoormedals.com\/wp-content\/uploads\/2025\/07\/7C205968-1320x1980.jpg 1320w, https:\/\/outdoormedals.com\/wp-content\/uploads\/2025\/07\/7C205968-600x900.jpg 600w, https:\/\/outdoormedals.com\/wp-content\/uploads\/2025\/07\/7C205968.jpg 1365w\" sizes=\"(max-width: 533px) 100vw, 533px\" \/>\t\t\t\t\t\t\n\t\t\t\t\t<\/div>\n\t\t\t\t\t\t\t\t\n<style>\n#image_724033788 {\n  width: 100%;\n}\n<\/style>\n\t<\/div>\n\t\n\t\t<\/div>\n\t\t\t\t\t<\/div>\n\n\t\n<\/div>\n\t\t<\/div>\n\n\t\t\n<style>\n#section_1337621516 {\n  padding-top: 80px;\n  padding-bottom: 80px;\n  background-color: rgba(171, 150, 122, 0.1);\n}\n<\/style>\n\t<\/section>\n\t\n\n\t<section class=\"section\" id=\"section_811115927\">\n\t\t<div class=\"section-bg fill\" >\n\t\t\t\t\t\t\t\t\t\n\t\t\t\n\n\t\t<\/div>\n\n\t\t\n\n\t\t<div class=\"section-content relative\">\n\t\t\t\n<div class=\"row\"  id=\"row-543345809\">\n\n\t<div id=\"col-1668492511\" class=\"col small-12 large-12\"  >\n\t\t\t\t<div class=\"col-inner\"  >\n\t\t\t\n\t\t\t\n\t<div id=\"text-3748694456\" class=\"text\">\n\t\t\n<h2>Antoni van Leeuwenhoek<\/h2>\n<p>Gr\u00e2ce \u00e0 leur esprit d&rsquo;entreprise et \u00e0 leur amour du plein air, Leroy et Fabienne ont cr\u00e9\u00e9 Outdoor Medals, une plateforme permettant d&rsquo;honorer d&rsquo;autres aventuriers et de contribuer \u00e0 l&rsquo;avancement de la recherche sur les cancers contre lesquels les parents de Fabienne luttaient.  <strong>Outdoor Medals reversera 5 euros par m\u00e9daille vendue \u00e0 la Fondation AVL,<\/strong> plus pr\u00e9cis\u00e9ment \u00e0 deux d\u00e9partements : l&rsquo;un consacr\u00e9 \u00e0 la recherche sur les cancers rares du sein et l&rsquo;autre \u00e0 l&rsquo;avancement des connaissances sur le carcinome neuroendocrinien (CNE). En soutenant Outdoor Medals, vous ne c\u00e9l\u00e9brez pas seulement votre propre esprit d&rsquo;aventure, mais vous contribuez \u00e9galement \u00e0 une cause importante qui vise \u00e0 am\u00e9liorer la vie des personnes touch\u00e9es par ces maladies difficiles. Ensemble, faisons la diff\u00e9rence ! Pour plus d&rsquo;informations, veuillez consulter le site web de la Fondation AVL : <a href=\"https:\/\/avlfoundation.nl\/camino-medal\/\" target=\"_blank\" rel=\"noopener\">Plus d&rsquo;informations sur la Fondation AVL<\/a><br \/>\n\t\t\n<style>\n#text-3748694456 {\n  text-align: center;\n  color: rgb(255,255,255);\n}\n#text-3748694456 > * {\n  color: rgb(255,255,255);\n}\n<\/style>\n\t<\/div>\n\t\n\t\t<\/div>\n\t\t\t\t\t<\/div>\n\n\t\n<\/div>\n<div class=\"row\"  id=\"row-654682139\">\n\n\t<div id=\"col-1898777619\" class=\"col medium-4 small-12 large-4\"  >\n\t\t\t\t<div class=\"col-inner\"  >\n\t\t\t\n\t\t\t\n\t<div class=\"img has-hover tape t-middle radius20 x md-x lg-x y md-y lg-y\" id=\"image_884139288\">\n\t\t\t\t\t\t\t\t<div class=\"img-inner image-cover dark\" style=\"padding-top:100%;margin:0px 0px 0px 0px;\">\n\t\t\t<img decoding=\"async\" width=\"1080\" height=\"1080\" src=\"https:\/\/outdoormedals.com\/wp-content\/uploads\/2025\/06\/Ontwerp-zonder-titel-1.png\" class=\"attachment-original size-original\" alt=\"\" srcset=\"https:\/\/outdoormedals.com\/wp-content\/uploads\/2025\/06\/Ontwerp-zonder-titel-1.png 1080w, https:\/\/outdoormedals.com\/wp-content\/uploads\/2025\/06\/Ontwerp-zonder-titel-1-400x400.png 400w, https:\/\/outdoormedals.com\/wp-content\/uploads\/2025\/06\/Ontwerp-zonder-titel-1-800x800.png 800w, https:\/\/outdoormedals.com\/wp-content\/uploads\/2025\/06\/Ontwerp-zonder-titel-1-280x280.png 280w, https:\/\/outdoormedals.com\/wp-content\/uploads\/2025\/06\/Ontwerp-zonder-titel-1-768x768.png 768w, https:\/\/outdoormedals.com\/wp-content\/uploads\/2025\/06\/Ontwerp-zonder-titel-1-300x300.png 300w, https:\/\/outdoormedals.com\/wp-content\/uploads\/2025\/06\/Ontwerp-zonder-titel-1-600x600.png 600w, https:\/\/outdoormedals.com\/wp-content\/uploads\/2025\/06\/Ontwerp-zonder-titel-1-100x100.png 100w\" sizes=\"(max-width: 1080px) 100vw, 1080px\" \/>\t\t\t\t\t\t\n\t\t\t\t\t<\/div>\n\t\t\t\t\t\t\t\t\n<style>\n#image_884139288 {\n  width: 100%;\n}\n@media (min-width:550px) {\n  #image_884139288 {\n    width: 100%;\n  }\n}\n<\/style>\n\t<\/div>\n\t\n\t\t<\/div>\n\t\t\t\t\t<\/div>\n\n\t\n\n\t<div id=\"col-1937865662\" class=\"col medium-4 small-12 large-4\"  >\n\t\t\t\t<div class=\"col-inner\"  >\n\t\t\t\n\t\t\t\n\t<div class=\"img has-hover tape t-middle radius20 x md-x lg-x y md-y lg-y\" id=\"image_828958924\">\n\t\t\t\t\t\t\t\t<div class=\"img-inner image-cover dark\" style=\"padding-top:100%;\">\n\t\t\t<img decoding=\"async\" width=\"2126\" height=\"1535\" src=\"https:\/\/outdoormedals.com\/wp-content\/uploads\/2023\/10\/Cheque_20230719_01-1.jpg\" class=\"attachment-original size-original\" alt=\"\" srcset=\"https:\/\/outdoormedals.com\/wp-content\/uploads\/2023\/10\/Cheque_20230719_01-1.jpg 2126w, https:\/\/outdoormedals.com\/wp-content\/uploads\/2023\/10\/Cheque_20230719_01-1-554x400.jpg 554w, https:\/\/outdoormedals.com\/wp-content\/uploads\/2023\/10\/Cheque_20230719_01-1-1108x800.jpg 1108w, https:\/\/outdoormedals.com\/wp-content\/uploads\/2023\/10\/Cheque_20230719_01-1-768x555.jpg 768w, https:\/\/outdoormedals.com\/wp-content\/uploads\/2023\/10\/Cheque_20230719_01-1-1536x1109.jpg 1536w, https:\/\/outdoormedals.com\/wp-content\/uploads\/2023\/10\/Cheque_20230719_01-1-2048x1479.jpg 2048w, https:\/\/outdoormedals.com\/wp-content\/uploads\/2023\/10\/Cheque_20230719_01-1-1320x953.jpg 1320w, https:\/\/outdoormedals.com\/wp-content\/uploads\/2023\/10\/Cheque_20230719_01-1-600x433.jpg 600w\" sizes=\"(max-width: 2126px) 100vw, 2126px\" \/>\t\t\t\t\t\t\n\t\t\t\t\t<\/div>\n\t\t\t\t\t\t\t\t\n<style>\n#image_828958924 {\n  width: 100%;\n}\n<\/style>\n\t<\/div>\n\t\n\t\t<\/div>\n\t\t\t\t\t<\/div>\n\n\t\n\n\t<div id=\"col-1072879154\" class=\"col medium-4 small-12 large-4\"  >\n\t\t\t\t<div class=\"col-inner\"  >\n\t\t\t\n\t\t\t\n\t<div class=\"img has-hover tape t-middle radius20 x md-x lg-x y md-y lg-y\" id=\"image_1652443684\">\n\t\t\t\t\t\t\t\t<div class=\"img-inner image-cover dark\" style=\"padding-top:100%;\">\n\t\t\t<img decoding=\"async\" width=\"1707\" height=\"2560\" src=\"https:\/\/outdoormedals.com\/wp-content\/uploads\/2023\/10\/231016-Foto-Antoni_DEF_HR-scaled.jpg\" class=\"attachment-original size-original\" alt=\"\" srcset=\"https:\/\/outdoormedals.com\/wp-content\/uploads\/2023\/10\/231016-Foto-Antoni_DEF_HR-scaled.jpg 1707w, https:\/\/outdoormedals.com\/wp-content\/uploads\/2023\/10\/231016-Foto-Antoni_DEF_HR-267x400.jpg 267w, https:\/\/outdoormedals.com\/wp-content\/uploads\/2023\/10\/231016-Foto-Antoni_DEF_HR-533x800.jpg 533w, https:\/\/outdoormedals.com\/wp-content\/uploads\/2023\/10\/231016-Foto-Antoni_DEF_HR-768x1152.jpg 768w, https:\/\/outdoormedals.com\/wp-content\/uploads\/2023\/10\/231016-Foto-Antoni_DEF_HR-1024x1536.jpg 1024w, https:\/\/outdoormedals.com\/wp-content\/uploads\/2023\/10\/231016-Foto-Antoni_DEF_HR-1365x2048.jpg 1365w, https:\/\/outdoormedals.com\/wp-content\/uploads\/2023\/10\/231016-Foto-Antoni_DEF_HR-1320x1980.jpg 1320w, https:\/\/outdoormedals.com\/wp-content\/uploads\/2023\/10\/231016-Foto-Antoni_DEF_HR-600x900.jpg 600w\" sizes=\"(max-width: 1707px) 100vw, 1707px\" \/>\t\t\t\t\t\t\n\t\t\t\t\t<\/div>\n\t\t\t\t\t\t\t\t\n<style>\n#image_1652443684 {\n  width: 100%;\n}\n<\/style>\n\t<\/div>\n\t\n\t\t<\/div>\n\t\t\t\t\t<\/div>\n\n\t\n<\/div>\n\t\t<\/div>\n\n\t\t\n<style>\n#section_811115927 {\n  padding-top: 50px;\n  padding-bottom: 50px;\n  background-color: rgb(171, 150, 122);\n}\n<\/style>\n\t<\/section>\n\t\n","protected":false},"excerpt":{"rendered":"","protected":false},"author":2,"featured_media":0,"parent":0,"menu_order":0,"comment_status":"closed","ping_status":"closed","template":"page-blank.php","meta":{"footnotes":""},"class_list":["post-3372","page","type-page","status-publish","hentry"],"jetpack_sharing_enabled":true,"_links":{"self":[{"href":"https:\/\/outdoormedals.com\/fr\/wp-json\/wp\/v2\/pages\/3372","targetHints":{"allow":["GET"]}}],"collection":[{"href":"https:\/\/outdoormedals.com\/fr\/wp-json\/wp\/v2\/pages"}],"about":[{"href":"https:\/\/outdoormedals.com\/fr\/wp-json\/wp\/v2\/types\/page"}],"author":[{"embeddable":true,"href":"https:\/\/outdoormedals.com\/fr\/wp-json\/wp\/v2\/users\/2"}],"replies":[{"embeddable":true,"href":"https:\/\/outdoormedals.com\/fr\/wp-json\/wp\/v2\/comments?post=3372"}],"version-history":[{"count":6,"href":"https:\/\/outdoormedals.com\/fr\/wp-json\/wp\/v2\/pages\/3372\/revisions"}],"predecessor-version":[{"id":3714,"href":"https:\/\/outdoormedals.com\/fr\/wp-json\/wp\/v2\/pages\/3372\/revisions\/3714"}],"wp:attachment":[{"href":"https:\/\/outdoormedals.com\/fr\/wp-json\/wp\/v2\/media?parent=3372"}],"curies":[{"name":"wp","href":"https:\/\/api.w.org\/{rel}","templated":true}]}}