{"id":1272,"date":"2023-07-05T16:56:52","date_gmt":"2023-07-05T16:56:52","guid":{"rendered":"https:\/\/outdoormedals.com\/product\/medaille-du-camino\/"},"modified":"2026-01-14T11:06:23","modified_gmt":"2026-01-14T11:06:23","slug":"camino-medal","status":"publish","type":"product","link":"https:\/\/outdoormedals.com\/fr\/produit\/camino-medal\/","title":{"rendered":"M\u00e9daille du Camino"},"content":{"rendered":"","protected":false},"excerpt":{"rendered":"<p>Cette m\u00e9daille est sp\u00e9cialement con\u00e7ue pour le p\u00e8lerinage de Saint-Jacques-de-Compostelle. Un voyage que vous pouvez accomplir \u00e0 pied, \u00e0 v\u00e9lo ou m\u00eame \u00e0 cheval. Que vous ayez d\u00e9j\u00e0 fait le Chemin ou que vous souhaitiez surprendre quelqu&rsquo;un avec un cadeau sp\u00e9cial, cette m\u00e9daille unique vous permettra de donner du sens \u00e0 une exp\u00e9rience inoubliable.<\/p>\n<p>Chaque m\u00e9daille a une histoire personnelle!<\/p>\n","protected":false},"featured_media":3595,"comment_status":"open","ping_status":"closed","template":"","meta":[],"product_brand":[],"product_cat":[113],"product_tag":[123,128,133],"class_list":{"0":"post-1272","1":"product","2":"type-product","3":"status-publish","4":"has-post-thumbnail","6":"product_cat-medailles-fr","7":"product_tag-camino-fr","8":"product_tag-medaille-fr","9":"product_tag-santiago-fr","11":"first","12":"instock","13":"taxable","14":"shipping-taxable","15":"purchasable","16":"product-type-simple"},"jetpack_sharing_enabled":true,"_links":{"self":[{"href":"https:\/\/outdoormedals.com\/fr\/wp-json\/wp\/v2\/product\/1272","targetHints":{"allow":["GET"]}}],"collection":[{"href":"https:\/\/outdoormedals.com\/fr\/wp-json\/wp\/v2\/product"}],"about":[{"href":"https:\/\/outdoormedals.com\/fr\/wp-json\/wp\/v2\/types\/product"}],"replies":[{"embeddable":true,"href":"https:\/\/outdoormedals.com\/fr\/wp-json\/wp\/v2\/comments?post=1272"}],"wp:featuredmedia":[{"embeddable":true,"href":"https:\/\/outdoormedals.com\/fr\/wp-json\/wp\/v2\/media\/3595"}],"wp:attachment":[{"href":"https:\/\/outdoormedals.com\/fr\/wp-json\/wp\/v2\/media?parent=1272"}],"wp:term":[{"taxonomy":"product_brand","embeddable":true,"href":"https:\/\/outdoormedals.com\/fr\/wp-json\/wp\/v2\/product_brand?post=1272"},{"taxonomy":"product_cat","embeddable":true,"href":"https:\/\/outdoormedals.com\/fr\/wp-json\/wp\/v2\/product_cat?post=1272"},{"taxonomy":"product_tag","embeddable":true,"href":"https:\/\/outdoormedals.com\/fr\/wp-json\/wp\/v2\/product_tag?post=1272"}],"curies":[{"name":"wp","href":"https:\/\/api.w.org\/{rel}","templated":true}]}}