{"id":3363,"date":"2025-06-11T08:48:15","date_gmt":"2025-06-11T08:48:15","guid":{"rendered":"https:\/\/outdoormedals.com\/chi-siamo\/"},"modified":"2025-10-18T07:37:24","modified_gmt":"2025-10-18T07:37:24","slug":"chi-siamo","status":"publish","type":"page","link":"https:\/\/outdoormedals.com\/it\/chi-siamo\/","title":{"rendered":"Chi siamo"},"content":{"rendered":"\n\t<section class=\"section dark\" id=\"section_130814671\">\n\t\t<div class=\"section-bg fill\" >\n\t\t\t<img decoding=\"async\" width=\"2560\" height=\"1152\" src=\"https:\/\/outdoormedals.com\/wp-content\/uploads\/2023\/06\/iStock-1192278941-scaled.jpg\" class=\"bg attachment- size-\" alt=\"\" \/>\t\t\t\t\t\t<div class=\"section-bg-overlay absolute fill\"><\/div>\n\t\t\t\n\n\t\t<\/div>\n\n\t\t\n\n\t\t<div class=\"section-content relative\">\n\t\t\t\n<div class=\"row align-center\"  id=\"row-199186178\">\n\n\t<div id=\"col-13815332\" class=\"col medium-7 small-12 large-7\"  >\n\t\t\t\t<div class=\"col-inner\"  >\n\t\t\t\n\t\t\t\n\t<div id=\"text-2328017095\" class=\"text\">\n\t\t\n<h1>SU DI NOI<\/h1>\n\t\t\n<style>\n#text-2328017095 {\n  font-size: 1.4rem;\n  text-align: center;\n}\n<\/style>\n\t<\/div>\n\t\n\t\t<\/div>\n\t\t\t\t\t<\/div>\n\n\t\n<\/div>\n\t\t<\/div>\n\n\t\t\n<style>\n#section_130814671 {\n  padding-top: 100px;\n  padding-bottom: 100px;\n  min-height: 200px;\n}\n#section_130814671 .section-bg-overlay {\n  background-color: rgba(0, 0, 0, 0.5);\n}\n#section_130814671 .section-bg img {\n  object-position: 54% 62%;\n}\n@media (min-width:550px) {\n  #section_130814671 {\n    min-height: 300px;\n  }\n}\n@media (min-width:850px) {\n  #section_130814671 {\n    min-height: 400px;\n  }\n}\n<\/style>\n\t<\/section>\n\t\n\n\t<section class=\"section\" id=\"section_1429059764\">\n\t\t<div class=\"section-bg fill\" >\n\t\t\t\t\t\t\t\t\t\n\t\t\t\n\n\t\t<\/div>\n\n\t\t\n\t<div class=\"ux-shape-divider ux-shape-divider--bottom ux-shape-divider--style-curve\">\n\t\t<svg viewBox=\"0 0 1000 100\" xmlns=\"http:\/\/www.w3.org\/2000\/svg\" preserveAspectRatio=\"none\">\n\t<path class=\"ux-shape-fill\" d=\"M0 0C0 0 200 50 500 50C800 50 1000 0 1000 0V101H0V1V0Z\"\/>\n<\/svg>\n\t<\/div>\n\n\t\t<div class=\"section-content relative\">\n\t\t\t\n<div class=\"row row-collapse align-center\"  id=\"row-1838180502\">\n\n\t<div id=\"col-1374412021\" class=\"col medium-8 small-12 large-8\"  >\n\t\t\t\t<div class=\"col-inner text-center\"  >\n\t\t\t\n\t\t\t\n<h2>Outdoor Medals &#8211; Every medal tells a story<\/h2>\n<p data-start=\"90\" data-end=\"352\">Noi di Outdoor Medals crediamo che ogni passo, ogni storia e ogni risultato sia importante. Che tu stia camminando o andando in bicicletta in qualsiasi parte d&#8217;Europa, \u00e8 la tua avventura. E ora puoi rendere questo traguardo davvero personale con una medaglia che diventer\u00e0 un ricordo indelebile.  <\/p>\n<p data-start=\"354\" data-end=\"622\">Le nostre medaglie sono molto pi\u00f9 che semplice metallo. Sono realizzate con cura, attenzione ai dettagli e vera artigianalit\u00e0. Ognuna di esse \u00e8 un simbolo del tuo viaggio, al tuo ritmo e con la tua storia. Ogni disegno \u00e8 unico e si ispira al paesaggio, al percorso e al paese in cui si trova.   <\/p>\n<a class=\"button success\" style=\"border-radius:51px;padding:10px 30px 10px 30px;\">\n\t\t<span>La nostra storia<\/span>\n\t<\/a>\n\n\t\t<\/div>\n\t\t\t\t\t<\/div>\n\n\t\n<\/div>\n\t\t<\/div>\n\n\t\t\n<style>\n#section_1429059764 {\n  padding-top: 50px;\n  padding-bottom: 50px;\n  background-color: rgba(6, 93, 40, 0.1);\n}\n#section_1429059764 .ux-shape-divider--bottom svg {\n  height: 50px;\n  --divider-width: 100%;\n}\n<\/style>\n\t<\/section>\n\t\n\n\t<section class=\"section\" id=\"section_565994492\">\n\t\t<div class=\"section-bg fill\" >\n\t\t\t\t\t\t\t\t\t\n\t\t\t\n\n\t\t<\/div>\n\n\t\t\n\n\t\t<div class=\"section-content relative\">\n\t\t\t\n<div class=\"row align-middle align-center\"  id=\"row-606404202\">\n\n\t<div id=\"col-91031813\" class=\"col medium-11 small-12 large-6\"  >\n\t\t\t\t<div class=\"col-inner\"  >\n\t\t\t\n\t\t\t\n\t<div class=\"img has-hover radius20 tape tape-left x md-x lg-x y md-y lg-y\" id=\"image_2098631625\">\n\t\t\t\t\t\t\t\t<div class=\"img-inner image-cover dark\" style=\"padding-top:100%;\">\n\t\t\t<img decoding=\"async\" width=\"1020\" height=\"680\" src=\"https:\/\/outdoormedals.com\/wp-content\/uploads\/2025\/04\/7C204540-1200x800.jpg\" class=\"attachment-large size-large\" alt=\"\" srcset=\"https:\/\/outdoormedals.com\/wp-content\/uploads\/2025\/04\/7C204540-1200x800.jpg 1200w, https:\/\/outdoormedals.com\/wp-content\/uploads\/2025\/04\/7C204540-600x400.jpg 600w, https:\/\/outdoormedals.com\/wp-content\/uploads\/2025\/04\/7C204540-768x512.jpg 768w, https:\/\/outdoormedals.com\/wp-content\/uploads\/2025\/04\/7C204540-1536x1024.jpg 1536w, https:\/\/outdoormedals.com\/wp-content\/uploads\/2025\/04\/7C204540-2048x1365.jpg 2048w, https:\/\/outdoormedals.com\/wp-content\/uploads\/2025\/04\/7C204540-1320x880.jpg 1320w\" sizes=\"(max-width: 1020px) 100vw, 1020px\" \/>\t\t\t\t\t\t\n\t\t\t\t\t<\/div>\n\t\t\t\t\t\t\t\t\n<style>\n#image_2098631625 {\n  width: 100%;\n}\n<\/style>\n\t<\/div>\n\t\n\t\t<\/div>\n\t\t\t\t\t<\/div>\n\n\t\n\n\t<div id=\"col-1306210581\" class=\"col medium-11 small-12 large-6\"  >\n\t\t\t\t<div class=\"col-inner\"  >\n\t\t\t\n\t\t\t\n\t<div id=\"text-1705131554\" class=\"text\">\n\t\t\n<h2>Visione<\/h2>\n<p>Noi di Outdoor Medals crediamo che ogni avventura del Cammino, grande o piccola che sia, meriti un riconoscimento. Comprendiamo l&#8217;immensa dedizione, la perseveranza e la passione che ci vuole per conquistare percorsi di lunga durata e superare i limiti personali.<\/p>\n<p>La nostra missione \u00e8 onorare questi notevoli risultati con una medaglia del Camino accuratamente progettata, un simbolo duraturo della resistenza fisica e mentale di ogni pellegrino. Insieme ai camminatori e ai ciclisti, ci proponiamo non solo di celebrare esperienze indimenticabili, ma anche di contribuire al progresso della ricerca sul cancro. <\/p>\n\t\t\n<style>\n#text-1705131554 {\n  color: rgb(0,0,0);\n}\n#text-1705131554 > * {\n  color: rgb(0,0,0);\n}\n<\/style>\n\t<\/div>\n\t\n\t\t<\/div>\n\t\t\t\t\t<\/div>\n\n\t\n<\/div>\n\t\t<\/div>\n\n\t\t\n<style>\n#section_565994492 {\n  padding-top: 80px;\n  padding-bottom: 80px;\n}\n<\/style>\n\t<\/section>\n\t\n\n\t<section class=\"section\" id=\"section_926872076\">\n\t\t<div class=\"section-bg fill\" >\n\t\t\t\t\t\t\t\t\t\n\t\t\t\n\n\t\t<\/div>\n\n\t\t\n\n\t\t<div class=\"section-content relative\">\n\t\t\t\n<div class=\"row align-middle align-center\"  id=\"row-1878871722\">\n\n\t<div id=\"col-2089175635\" class=\"col medium-11 small-12 large-6\"  >\n\t\t\t\t<div class=\"col-inner\"  >\n\t\t\t\n\t\t\t\n<h2>Camino Franc\u00e8s; Paesi Bassi &#8211; Santiago de Compostela (2.500 km)<\/h2>\n<p>Outdoor Medals \u00e8 nata dalla passione comune di Leroy e Fabienne per la vita all&#8217;aria aperta e dalla loro convinzione del potere trasformativo dell&#8217;avventura.<\/p>\n<p data-start=\"303\" data-end=\"615\">Nel 2023, Leroy \u00e8 partito in bicicletta e ha completato l&#8217;intero percorso dai Paesi Bassi a Santiago de Compostela. Un viaggio di 2.500 chilometri con uno scopo speciale: raccogliere fondi per la ricerca sul cancro. La sua motivazione era profondamente personale, poich\u00e9 entrambi i suoi suoceri erano stati colpiti da una rara forma di cancro.  <\/p>\n<p data-start=\"617\" data-end=\"831\">Il 3 giugno 2023, Leroy ha raggiunto la cattedrale di Santiago dopo un viaggio di poco meno di cinque settimane. Sa meglio di chiunque altro quanto possa essere appagante un&#8217;avventura del genere e quanto sia significativo commemorarla. <\/p>\n\t\t<\/div>\n\t\t\t\t\t<\/div>\n\n\t\n\n\t<div id=\"col-1593767102\" class=\"col medium-11 small-12 large-6\"  >\n\t\t\t\t<div class=\"col-inner\"  >\n\t\t\t\n\t\t\t\n\t<div class=\"img has-hover radius20 tape tape-right x md-x lg-x y md-y lg-y\" id=\"image_1666855358\">\n\t\t\t\t\t\t\t\t<div class=\"img-inner image-cover dark\" style=\"padding-top:100%;\">\n\t\t\t<img decoding=\"async\" width=\"902\" height=\"800\" src=\"https:\/\/outdoormedals.com\/wp-content\/uploads\/2023\/07\/WhatsApp-Image-2023-07-11-at-23.16.47-e1689110415939-902x800.jpeg\" class=\"attachment-large size-large\" alt=\"\" srcset=\"https:\/\/outdoormedals.com\/wp-content\/uploads\/2023\/07\/WhatsApp-Image-2023-07-11-at-23.16.47-e1689110415939-902x800.jpeg 902w, https:\/\/outdoormedals.com\/wp-content\/uploads\/2023\/07\/WhatsApp-Image-2023-07-11-at-23.16.47-e1689110415939-451x400.jpeg 451w, https:\/\/outdoormedals.com\/wp-content\/uploads\/2023\/07\/WhatsApp-Image-2023-07-11-at-23.16.47-e1689110415939-768x681.jpeg 768w, https:\/\/outdoormedals.com\/wp-content\/uploads\/2023\/07\/WhatsApp-Image-2023-07-11-at-23.16.47-e1689110415939-600x532.jpeg 600w, https:\/\/outdoormedals.com\/wp-content\/uploads\/2023\/07\/WhatsApp-Image-2023-07-11-at-23.16.47-e1689110415939.jpeg 1200w\" sizes=\"(max-width: 902px) 100vw, 902px\" \/>\t\t\t\t\t\t\n\t\t\t\t\t<\/div>\n\t\t\t\t\t\t\t\t\n<style>\n#image_1666855358 {\n  width: 100%;\n}\n<\/style>\n\t<\/div>\n\t\n\t\t<\/div>\n\t\t\t\t\t<\/div>\n\n\t\n<\/div>\n\t\t<\/div>\n\n\t\t\n<style>\n#section_926872076 {\n  padding-top: 80px;\n  padding-bottom: 80px;\n  background-color: rgba(171, 150, 122, 0.1);\n}\n<\/style>\n\t<\/section>\n\t\n\n\t<section class=\"section\" id=\"section_858715247\">\n\t\t<div class=\"section-bg fill\" >\n\t\t\t\t\t\t\t\t\t\n\t\t\t\n\n\t\t<\/div>\n\n\t\t\n\n\t\t<div class=\"section-content relative\">\n\t\t\t\n<div class=\"row align-middle align-center\"  id=\"row-575419201\">\n\n\t<div id=\"col-990449160\" class=\"col medium-11 small-12 large-6\"  >\n\t\t\t\t<div class=\"col-inner\"  >\n\t\t\t\n\t\t\t\n<h2>Camino Portugu\u00e9s; da Porto a Santiago de Compostela<\/h2>\n<p data-start=\"0\" data-end=\"304\">Nel 2024 abbiamo detto addio ai nostri genitori\/suoceri, entrambi deceduti a causa di rare forme di cancro. Dopo un&#8217;attenta discussione, hanno scelto di andarsene insieme attraverso l&#8217;eutanasia di coppia. \u00c8 stato un anno intenso e straziante in cui abbiamo perso improvvisamente due persone care che erano al centro della nostra vita.  <\/p>\n<p data-start=\"306\" data-end=\"717\">Il lutto non \u00e8 un percorso lineare; \u00e8 un processo che richiede tempo, spazio e movimento. Ecco perch\u00e9, nel maggio del 2025, abbiamo deciso di percorrere insieme il Cammino Portoghese da Porto a Santiago de Compostela lungo il percorso costiero. Il nostro obiettivo era duplice: raccogliere fondi per la ricerca sui tumori che li hanno colpiti e fermarci, ricordare e dare spazio al nostro dolore. Abbiamo chiamato il viaggio &#8220;Standing Still in Motion&#8221;.   <\/p>\n<p data-start=\"719\" data-end=\"843\" data-is-last-node=\"\" data-is-only-node=\"\">\u00c8 diventato un pellegrinaggio straordinario ed emozionante, misurato in chilometri, ma definito dalla connessione, dal ricordo e dalla guarigione.<\/p>\n\t\t<\/div>\n\t\t\t\t\t<\/div>\n\n\t\n\n\t<div id=\"col-1669270209\" class=\"col medium-11 small-12 large-6\"  >\n\t\t\t\t<div class=\"col-inner\"  >\n\t\t\t\n\t\t\t\n\t<div class=\"img has-hover radius20 tape tape-right x md-x lg-x y md-y lg-y\" id=\"image_618106964\">\n\t\t\t\t\t\t\t\t<div class=\"img-inner image-cover dark\" style=\"padding-top:100%;\">\n\t\t\t<img decoding=\"async\" width=\"533\" height=\"800\" src=\"https:\/\/outdoormedals.com\/wp-content\/uploads\/2025\/07\/7C205968-533x800.jpg\" class=\"attachment-large size-large\" alt=\"\" srcset=\"https:\/\/outdoormedals.com\/wp-content\/uploads\/2025\/07\/7C205968-533x800.jpg 533w, https:\/\/outdoormedals.com\/wp-content\/uploads\/2025\/07\/7C205968-267x400.jpg 267w, https:\/\/outdoormedals.com\/wp-content\/uploads\/2025\/07\/7C205968-768x1152.jpg 768w, https:\/\/outdoormedals.com\/wp-content\/uploads\/2025\/07\/7C205968-1024x1536.jpg 1024w, https:\/\/outdoormedals.com\/wp-content\/uploads\/2025\/07\/7C205968-1320x1980.jpg 1320w, https:\/\/outdoormedals.com\/wp-content\/uploads\/2025\/07\/7C205968-600x900.jpg 600w, https:\/\/outdoormedals.com\/wp-content\/uploads\/2025\/07\/7C205968.jpg 1365w\" sizes=\"(max-width: 533px) 100vw, 533px\" \/>\t\t\t\t\t\t\n\t\t\t\t\t<\/div>\n\t\t\t\t\t\t\t\t\n<style>\n#image_618106964 {\n  width: 100%;\n}\n<\/style>\n\t<\/div>\n\t\n\t\t<\/div>\n\t\t\t\t\t<\/div>\n\n\t\n<\/div>\n\t\t<\/div>\n\n\t\t\n<style>\n#section_858715247 {\n  padding-top: 80px;\n  padding-bottom: 80px;\n  background-color: rgba(171, 150, 122, 0.1);\n}\n<\/style>\n\t<\/section>\n\t\n\n\t<section class=\"section\" id=\"section_477476026\">\n\t\t<div class=\"section-bg fill\" >\n\t\t\t\t\t\t\t\t\t\n\t\t\t\n\n\t\t<\/div>\n\n\t\t\n\n\t\t<div class=\"section-content relative\">\n\t\t\t\n<div class=\"row\"  id=\"row-239750850\">\n\n\t<div id=\"col-646915492\" class=\"col small-12 large-12\"  >\n\t\t\t\t<div class=\"col-inner\"  >\n\t\t\t\n\t\t\t\n\t<div id=\"text-1139129211\" class=\"text\">\n\t\t\n<h2>Antoni van Leeuwenhoek<\/h2>\n<p>Grazie al loro spirito imprenditoriale e all \u201camore per la vita all\u201d aria aperta, Leroy e Fabienne hanno fondato Outdoor Medals, fornendo una piattaforma per onorare i compagni di avventura e contribuire a far progredire la ricerca sul cancro per i tumori che i genitori di Fabienne stavano combattendo.  <strong>Outdoor Medals devolver\u00e0 5 euro per ogni medaglia venduta alla Fondazione AVL,<\/strong> in particolare a due dipartimenti: uno dedicato alla ricerca sui tumori rari del seno e l&#8217;altro incentrato sull&#8217;avanzamento delle conoscenze sul Carcinoma Neuroendocrino (NEC). Sostenendo Outdoor Medals, non solo si celebra il proprio spirito avventuroso, ma si contribuisce anche a una causa significativa che mira a migliorare la vita di coloro che sono affetti da queste malattie impegnative. Insieme, facciamo la differenza! Per maggiori informazioni, visita il sito web della Fondazione AVL: <a href=\"https:\/\/avlfoundation.nl\/camino-medal\/\" target=\"_blank\" rel=\"noopener\">Ulteriori informazioni sulla Fondazione AVL<\/a><br \/>\n\t\t\n<style>\n#text-1139129211 {\n  text-align: center;\n  color: rgb(255,255,255);\n}\n#text-1139129211 > * {\n  color: rgb(255,255,255);\n}\n<\/style>\n\t<\/div>\n\t\n\t\t<\/div>\n\t\t\t\t\t<\/div>\n\n\t\n<\/div>\n<div class=\"row\"  id=\"row-485436585\">\n\n\t<div id=\"col-292020232\" class=\"col medium-4 small-12 large-4\"  >\n\t\t\t\t<div class=\"col-inner\"  >\n\t\t\t\n\t\t\t\n\t<div class=\"img has-hover tape t-middle radius20 x md-x lg-x y md-y lg-y\" id=\"image_1506575351\">\n\t\t\t\t\t\t\t\t<div class=\"img-inner image-cover dark\" style=\"padding-top:100%;margin:0px 0px 0px 0px;\">\n\t\t\t<img decoding=\"async\" width=\"1080\" height=\"1080\" src=\"https:\/\/outdoormedals.com\/wp-content\/uploads\/2025\/06\/Ontwerp-zonder-titel-1.png\" class=\"attachment-original size-original\" alt=\"\" srcset=\"https:\/\/outdoormedals.com\/wp-content\/uploads\/2025\/06\/Ontwerp-zonder-titel-1.png 1080w, https:\/\/outdoormedals.com\/wp-content\/uploads\/2025\/06\/Ontwerp-zonder-titel-1-400x400.png 400w, https:\/\/outdoormedals.com\/wp-content\/uploads\/2025\/06\/Ontwerp-zonder-titel-1-800x800.png 800w, https:\/\/outdoormedals.com\/wp-content\/uploads\/2025\/06\/Ontwerp-zonder-titel-1-280x280.png 280w, https:\/\/outdoormedals.com\/wp-content\/uploads\/2025\/06\/Ontwerp-zonder-titel-1-768x768.png 768w, https:\/\/outdoormedals.com\/wp-content\/uploads\/2025\/06\/Ontwerp-zonder-titel-1-300x300.png 300w, https:\/\/outdoormedals.com\/wp-content\/uploads\/2025\/06\/Ontwerp-zonder-titel-1-600x600.png 600w, https:\/\/outdoormedals.com\/wp-content\/uploads\/2025\/06\/Ontwerp-zonder-titel-1-100x100.png 100w\" sizes=\"(max-width: 1080px) 100vw, 1080px\" \/>\t\t\t\t\t\t\n\t\t\t\t\t<\/div>\n\t\t\t\t\t\t\t\t\n<style>\n#image_1506575351 {\n  width: 100%;\n}\n@media (min-width:550px) {\n  #image_1506575351 {\n    width: 100%;\n  }\n}\n<\/style>\n\t<\/div>\n\t\n\t\t<\/div>\n\t\t\t\t\t<\/div>\n\n\t\n\n\t<div id=\"col-1488922070\" class=\"col medium-4 small-12 large-4\"  >\n\t\t\t\t<div class=\"col-inner\"  >\n\t\t\t\n\t\t\t\n\t<div class=\"img has-hover tape t-middle radius20 x md-x lg-x y md-y lg-y\" id=\"image_1427356687\">\n\t\t\t\t\t\t\t\t<div class=\"img-inner image-cover dark\" style=\"padding-top:100%;\">\n\t\t\t<img decoding=\"async\" width=\"2126\" height=\"1535\" src=\"https:\/\/outdoormedals.com\/wp-content\/uploads\/2023\/10\/Cheque_20230719_01-1.jpg\" class=\"attachment-original size-original\" alt=\"\" srcset=\"https:\/\/outdoormedals.com\/wp-content\/uploads\/2023\/10\/Cheque_20230719_01-1.jpg 2126w, https:\/\/outdoormedals.com\/wp-content\/uploads\/2023\/10\/Cheque_20230719_01-1-554x400.jpg 554w, https:\/\/outdoormedals.com\/wp-content\/uploads\/2023\/10\/Cheque_20230719_01-1-1108x800.jpg 1108w, https:\/\/outdoormedals.com\/wp-content\/uploads\/2023\/10\/Cheque_20230719_01-1-768x555.jpg 768w, https:\/\/outdoormedals.com\/wp-content\/uploads\/2023\/10\/Cheque_20230719_01-1-1536x1109.jpg 1536w, https:\/\/outdoormedals.com\/wp-content\/uploads\/2023\/10\/Cheque_20230719_01-1-2048x1479.jpg 2048w, https:\/\/outdoormedals.com\/wp-content\/uploads\/2023\/10\/Cheque_20230719_01-1-1320x953.jpg 1320w, https:\/\/outdoormedals.com\/wp-content\/uploads\/2023\/10\/Cheque_20230719_01-1-600x433.jpg 600w\" sizes=\"(max-width: 2126px) 100vw, 2126px\" \/>\t\t\t\t\t\t\n\t\t\t\t\t<\/div>\n\t\t\t\t\t\t\t\t\n<style>\n#image_1427356687 {\n  width: 100%;\n}\n<\/style>\n\t<\/div>\n\t\n\t\t<\/div>\n\t\t\t\t\t<\/div>\n\n\t\n\n\t<div id=\"col-629955886\" class=\"col medium-4 small-12 large-4\"  >\n\t\t\t\t<div class=\"col-inner\"  >\n\t\t\t\n\t\t\t\n\t<div class=\"img has-hover tape t-middle radius20 x md-x lg-x y md-y lg-y\" id=\"image_966150837\">\n\t\t\t\t\t\t\t\t<div class=\"img-inner image-cover dark\" style=\"padding-top:100%;\">\n\t\t\t<img decoding=\"async\" width=\"1707\" height=\"2560\" src=\"https:\/\/outdoormedals.com\/wp-content\/uploads\/2023\/10\/231016-Foto-Antoni_DEF_HR-scaled.jpg\" class=\"attachment-original size-original\" alt=\"\" srcset=\"https:\/\/outdoormedals.com\/wp-content\/uploads\/2023\/10\/231016-Foto-Antoni_DEF_HR-scaled.jpg 1707w, https:\/\/outdoormedals.com\/wp-content\/uploads\/2023\/10\/231016-Foto-Antoni_DEF_HR-267x400.jpg 267w, https:\/\/outdoormedals.com\/wp-content\/uploads\/2023\/10\/231016-Foto-Antoni_DEF_HR-533x800.jpg 533w, https:\/\/outdoormedals.com\/wp-content\/uploads\/2023\/10\/231016-Foto-Antoni_DEF_HR-768x1152.jpg 768w, https:\/\/outdoormedals.com\/wp-content\/uploads\/2023\/10\/231016-Foto-Antoni_DEF_HR-1024x1536.jpg 1024w, https:\/\/outdoormedals.com\/wp-content\/uploads\/2023\/10\/231016-Foto-Antoni_DEF_HR-1365x2048.jpg 1365w, https:\/\/outdoormedals.com\/wp-content\/uploads\/2023\/10\/231016-Foto-Antoni_DEF_HR-1320x1980.jpg 1320w, https:\/\/outdoormedals.com\/wp-content\/uploads\/2023\/10\/231016-Foto-Antoni_DEF_HR-600x900.jpg 600w\" sizes=\"(max-width: 1707px) 100vw, 1707px\" \/>\t\t\t\t\t\t\n\t\t\t\t\t<\/div>\n\t\t\t\t\t\t\t\t\n<style>\n#image_966150837 {\n  width: 100%;\n}\n<\/style>\n\t<\/div>\n\t\n\t\t<\/div>\n\t\t\t\t\t<\/div>\n\n\t\n<\/div>\n\t\t<\/div>\n\n\t\t\n<style>\n#section_477476026 {\n  padding-top: 50px;\n  padding-bottom: 50px;\n  background-color: rgb(171, 150, 122);\n}\n<\/style>\n\t<\/section>\n\t\n","protected":false},"excerpt":{"rendered":"","protected":false},"author":2,"featured_media":0,"parent":0,"menu_order":0,"comment_status":"closed","ping_status":"closed","template":"page-blank.php","meta":{"footnotes":""},"class_list":["post-3363","page","type-page","status-publish","hentry"],"jetpack_sharing_enabled":true,"_links":{"self":[{"href":"https:\/\/outdoormedals.com\/it\/wp-json\/wp\/v2\/pages\/3363","targetHints":{"allow":["GET"]}}],"collection":[{"href":"https:\/\/outdoormedals.com\/it\/wp-json\/wp\/v2\/pages"}],"about":[{"href":"https:\/\/outdoormedals.com\/it\/wp-json\/wp\/v2\/types\/page"}],"author":[{"embeddable":true,"href":"https:\/\/outdoormedals.com\/it\/wp-json\/wp\/v2\/users\/2"}],"replies":[{"embeddable":true,"href":"https:\/\/outdoormedals.com\/it\/wp-json\/wp\/v2\/comments?post=3363"}],"version-history":[{"count":6,"href":"https:\/\/outdoormedals.com\/it\/wp-json\/wp\/v2\/pages\/3363\/revisions"}],"predecessor-version":[{"id":3720,"href":"https:\/\/outdoormedals.com\/it\/wp-json\/wp\/v2\/pages\/3363\/revisions\/3720"}],"wp:attachment":[{"href":"https:\/\/outdoormedals.com\/it\/wp-json\/wp\/v2\/media?parent=3363"}],"curies":[{"name":"wp","href":"https:\/\/api.w.org\/{rel}","templated":true}]}}