{"id":3263,"date":"2025-06-11T08:48:15","date_gmt":"2025-06-11T08:48:15","guid":{"rendered":"https:\/\/outdoormedals.com\/over-ons\/"},"modified":"2025-07-01T08:45:24","modified_gmt":"2025-07-01T08:45:24","slug":"over-ons","status":"publish","type":"page","link":"https:\/\/outdoormedals.com\/nl\/over-ons\/","title":{"rendered":"Over ons"},"content":{"rendered":"\n\t<section class=\"section dark\" id=\"section_3071715\">\n\t\t<div class=\"section-bg fill\" >\n\t\t\t<img decoding=\"async\" width=\"2560\" height=\"1152\" src=\"https:\/\/outdoormedals.com\/wp-content\/uploads\/2023\/06\/iStock-1192278941-scaled.jpg\" class=\"bg attachment- size-\" alt=\"\" \/>\t\t\t\t\t\t<div class=\"section-bg-overlay absolute fill\"><\/div>\n\t\t\t\n\n\t\t<\/div>\n\n\t\t\n\n\t\t<div class=\"section-content relative\">\n\t\t\t\n<div class=\"row align-center\"  id=\"row-1389306456\">\n\n\t<div id=\"col-2131423664\" class=\"col medium-7 small-12 large-7\"  >\n\t\t\t\t<div class=\"col-inner\"  >\n\t\t\t\n\t\t\t\n\t<div id=\"text-2115299991\" class=\"text\">\n\t\t\n<h1>OVER ONS<\/h1>\n\t\t\n<style>\n#text-2115299991 {\n  font-size: 1.4rem;\n  text-align: center;\n}\n<\/style>\n\t<\/div>\n\t\n\t\t<\/div>\n\t\t\t\t\t<\/div>\n\n\t\n<\/div>\n\t\t<\/div>\n\n\t\t\n<style>\n#section_3071715 {\n  padding-top: 100px;\n  padding-bottom: 100px;\n  min-height: 200px;\n}\n#section_3071715 .section-bg-overlay {\n  background-color: rgba(0, 0, 0, 0.5);\n}\n#section_3071715 .section-bg img {\n  object-position: 54% 62%;\n}\n@media (min-width:550px) {\n  #section_3071715 {\n    min-height: 300px;\n  }\n}\n@media (min-width:850px) {\n  #section_3071715 {\n    min-height: 400px;\n  }\n}\n<\/style>\n\t<\/section>\n\t\n\n\t<section class=\"section\" id=\"section_827330109\">\n\t\t<div class=\"section-bg fill\" >\n\t\t\t\t\t\t\t\t\t\n\t\t\t\n\n\t\t<\/div>\n\n\t\t\n\t<div class=\"ux-shape-divider ux-shape-divider--bottom ux-shape-divider--style-curve\">\n\t\t<svg viewBox=\"0 0 1000 100\" xmlns=\"http:\/\/www.w3.org\/2000\/svg\" preserveAspectRatio=\"none\">\n\t<path class=\"ux-shape-fill\" d=\"M0 0C0 0 200 50 500 50C800 50 1000 0 1000 0V101H0V1V0Z\"\/>\n<\/svg>\n\t<\/div>\n\n\t\t<div class=\"section-content relative\">\n\t\t\t\n<div class=\"row row-collapse align-center\"  id=\"row-647452443\">\n\n\t<div id=\"col-37806726\" class=\"col medium-8 small-12 large-8\"  >\n\t\t\t\t<div class=\"col-inner text-center\"  >\n\t\t\t\n\t\t\t\n<h2>Outdoor medailles &#8211; Every medal tells a story<\/h2>\n<p data-start=\"90\" data-end=\"352\">Bij Outdoor Medals geloven we dat elke stap, elk verhaal en elke prestatie ertoe doet. Of je nu wandelt of fietst waar dan ook in Europa, het is jouw avontuur. En nu kun je die mijlpaal echt persoonlijk maken met een medaille die een blijvende herinnering wordt.  <\/p>\n<p data-start=\"354\" data-end=\"622\">Onze medailles zijn meer dan alleen metaal. Ze zijn gemaakt met zorg, aandacht voor detail en echt vakmanschap. Elk exemplaar is een symbool van jouw reis; in jouw tempo, met jouw verhaal. Elk ontwerp is uniek, ge\u00efnspireerd door het landschap, de route en het land erachter.   <\/p>\n<a class=\"button success\" style=\"border-radius:51px;padding:10px 30px 10px 30px;\">\n\t\t<span>Ons verhaal<\/span>\n\t<\/a>\n\n\t\t<\/div>\n\t\t\t\t\t<\/div>\n\n\t\n<\/div>\n\t\t<\/div>\n\n\t\t\n<style>\n#section_827330109 {\n  padding-top: 50px;\n  padding-bottom: 50px;\n  background-color: rgba(6, 93, 40, 0.1);\n}\n#section_827330109 .ux-shape-divider--bottom svg {\n  height: 50px;\n  --divider-width: 100%;\n}\n<\/style>\n\t<\/section>\n\t\n\n\t<section class=\"section\" id=\"section_1161481226\">\n\t\t<div class=\"section-bg fill\" >\n\t\t\t\t\t\t\t\t\t\n\t\t\t\n\n\t\t<\/div>\n\n\t\t\n\n\t\t<div class=\"section-content relative\">\n\t\t\t\n<div class=\"row align-middle align-center\"  id=\"row-648457918\">\n\n\t<div id=\"col-1668460382\" class=\"col medium-11 small-12 large-6\"  >\n\t\t\t\t<div class=\"col-inner\"  >\n\t\t\t\n\t\t\t\n\t<div class=\"img has-hover radius20 tape tape-left x md-x lg-x y md-y lg-y\" id=\"image_1111311875\">\n\t\t\t\t\t\t\t\t<div class=\"img-inner image-cover dark\" style=\"padding-top:100%;\">\n\t\t\t<img decoding=\"async\" width=\"1020\" height=\"680\" src=\"https:\/\/outdoormedals.com\/wp-content\/uploads\/2025\/04\/7C204540-1200x800.jpg\" class=\"attachment-large size-large\" alt=\"\" srcset=\"https:\/\/outdoormedals.com\/wp-content\/uploads\/2025\/04\/7C204540-1200x800.jpg 1200w, https:\/\/outdoormedals.com\/wp-content\/uploads\/2025\/04\/7C204540-600x400.jpg 600w, https:\/\/outdoormedals.com\/wp-content\/uploads\/2025\/04\/7C204540-768x512.jpg 768w, https:\/\/outdoormedals.com\/wp-content\/uploads\/2025\/04\/7C204540-1536x1024.jpg 1536w, https:\/\/outdoormedals.com\/wp-content\/uploads\/2025\/04\/7C204540-2048x1365.jpg 2048w, https:\/\/outdoormedals.com\/wp-content\/uploads\/2025\/04\/7C204540-1320x880.jpg 1320w\" sizes=\"(max-width: 1020px) 100vw, 1020px\" \/>\t\t\t\t\t\t\n\t\t\t\t\t<\/div>\n\t\t\t\t\t\t\t\t\n<style>\n#image_1111311875 {\n  width: 100%;\n}\n<\/style>\n\t<\/div>\n\t\n\t\t<\/div>\n\t\t\t\t\t<\/div>\n\n\t\n\n\t<div id=\"col-193823541\" class=\"col medium-11 small-12 large-6\"  >\n\t\t\t\t<div class=\"col-inner\"  >\n\t\t\t\n\t\t\t\n\t<div id=\"text-3410836639\" class=\"text\">\n\t\t\n<h2>Visie<\/h2>\n<p>Bij Outdoor Medals geloven we dat elk Camino-avontuur, groot of klein, erkenning verdient. Wij begrijpen de immense toewijding, het doorzettingsvermogen en de passie die nodig zijn om langeafstandsroutes te overwinnen en persoonlijke grenzen te verleggen.<\/p>\n<p>Onze missie is om deze opmerkelijke prestaties te eren met een zorgvuldig ontworpen Camino Medaille &#8211; een blijvend symbool van de fysieke en mentale veerkracht van elke pelgrim. Samen met wandelaars en fietsers willen we niet alleen onvergetelijke ervaringen vieren, maar ook bijdragen aan de vooruitgang van kankeronderzoek. <\/p>\n\t\t\n<style>\n#text-3410836639 {\n  color: rgb(0,0,0);\n}\n#text-3410836639 > * {\n  color: rgb(0,0,0);\n}\n<\/style>\n\t<\/div>\n\t\n\t\t<\/div>\n\t\t\t\t\t<\/div>\n\n\t\n<\/div>\n\t\t<\/div>\n\n\t\t\n<style>\n#section_1161481226 {\n  padding-top: 80px;\n  padding-bottom: 80px;\n}\n<\/style>\n\t<\/section>\n\t\n\n\t<section class=\"section\" id=\"section_228419128\">\n\t\t<div class=\"section-bg fill\" >\n\t\t\t\t\t\t\t\t\t\n\t\t\t\n\n\t\t<\/div>\n\n\t\t\n\n\t\t<div class=\"section-content relative\">\n\t\t\t\n<div class=\"row align-middle align-center\"  id=\"row-885609515\">\n\n\t<div id=\"col-469623171\" class=\"col medium-11 small-12 large-6\"  >\n\t\t\t\t<div class=\"col-inner\"  >\n\t\t\t\n\t\t\t\n<h2>Camino Franc\u00e8s; Nederland naar Santiago de Compostela (2.500 km)<\/h2>\n<p>Outdoor Medals is ontstaan uit de gedeelde passie van Leroy en Fabienne voor het buitenleven en hun geloof in de transformerende kracht van avontuur en het buitenleven.<\/p>\n<p data-start=\"303\" data-end=\"615\">In 2023 vertrok Leroy op zijn fiets en voltooide de hele route van Nederland naar Santiago de Compostela. Een tocht van 2500 kilometer met een speciaal doel: geld inzamelen voor kankeronderzoek. Zijn motivatie was zeer persoonlijk, omdat zijn beide schoonouders waren getroffen door een zeldzame vorm van kanker.  <\/p>\n<p data-start=\"617\" data-end=\"831\">Op 3 juni 2023 bereikte Leroy de kathedraal van Santiago na een reis van iets minder dan vijf weken. Hij weet als geen ander hoe bevredigend zo&#8217;n avontuur kan zijn en hoe zinvol het is om het te herdenken. <\/p>\n\t\t<\/div>\n\t\t\t\t\t<\/div>\n\n\t\n\n\t<div id=\"col-86863299\" class=\"col medium-11 small-12 large-6\"  >\n\t\t\t\t<div class=\"col-inner\"  >\n\t\t\t\n\t\t\t\n\t<div class=\"img has-hover radius20 tape tape-right x md-x lg-x y md-y lg-y\" id=\"image_2090792485\">\n\t\t\t\t\t\t\t\t<div class=\"img-inner image-cover dark\" style=\"padding-top:100%;\">\n\t\t\t<img decoding=\"async\" width=\"902\" height=\"800\" src=\"https:\/\/outdoormedals.com\/wp-content\/uploads\/2023\/07\/WhatsApp-Image-2023-07-11-at-23.16.47-e1689110415939-902x800.jpeg\" class=\"attachment-large size-large\" alt=\"\" srcset=\"https:\/\/outdoormedals.com\/wp-content\/uploads\/2023\/07\/WhatsApp-Image-2023-07-11-at-23.16.47-e1689110415939-902x800.jpeg 902w, https:\/\/outdoormedals.com\/wp-content\/uploads\/2023\/07\/WhatsApp-Image-2023-07-11-at-23.16.47-e1689110415939-451x400.jpeg 451w, https:\/\/outdoormedals.com\/wp-content\/uploads\/2023\/07\/WhatsApp-Image-2023-07-11-at-23.16.47-e1689110415939-768x681.jpeg 768w, https:\/\/outdoormedals.com\/wp-content\/uploads\/2023\/07\/WhatsApp-Image-2023-07-11-at-23.16.47-e1689110415939-600x532.jpeg 600w, https:\/\/outdoormedals.com\/wp-content\/uploads\/2023\/07\/WhatsApp-Image-2023-07-11-at-23.16.47-e1689110415939.jpeg 1200w\" sizes=\"(max-width: 902px) 100vw, 902px\" \/>\t\t\t\t\t\t\n\t\t\t\t\t<\/div>\n\t\t\t\t\t\t\t\t\n<style>\n#image_2090792485 {\n  width: 100%;\n}\n<\/style>\n\t<\/div>\n\t\n\t\t<\/div>\n\t\t\t\t\t<\/div>\n\n\t\n<\/div>\n\t\t<\/div>\n\n\t\t\n<style>\n#section_228419128 {\n  padding-top: 80px;\n  padding-bottom: 80px;\n  background-color: rgba(171, 150, 122, 0.1);\n}\n<\/style>\n\t<\/section>\n\t\n\n\t<section class=\"section\" id=\"section_1821514088\">\n\t\t<div class=\"section-bg fill\" >\n\t\t\t\t\t\t\t\t\t\n\t\t\t\n\n\t\t<\/div>\n\n\t\t\n\n\t\t<div class=\"section-content relative\">\n\t\t\t\n<div class=\"row align-middle align-center\"  id=\"row-1510323380\">\n\n\t<div id=\"col-930087030\" class=\"col medium-11 small-12 large-6\"  >\n\t\t\t\t<div class=\"col-inner\"  >\n\t\t\t\n\t\t\t\n<h2>Camino Portugu\u00e9s; Porto naar Santiago de Compostela<\/h2>\n<p data-start=\"0\" data-end=\"304\">In 2024 namen we afscheid van onze ouders\/schoonouders, die allebei overleden aan een zeldzame vorm van kanker. Na zorgvuldig overleg kozen ze ervoor om samen weg te gaan door middel van duo-euthanasie. Het was een intens, hartverscheurend jaar waarin we plotseling twee dierbare mensen verloren die centraal stonden in ons leven.  <\/p>\n<p data-start=\"306\" data-end=\"717\">Rouwen is geen recht pad; het is een proces dat tijd, ruimte en beweging vraagt. Daarom besloten we in mei 2025 om samen de Camino Portugu\u00e9s te lopen van Porto naar Santiago de Compostela langs de kustroute. Ons doel was tweeledig: geld inzamelen voor onderzoek naar de kanker die hen had getroffen en stilstaan, herinneren en ons verdriet een plek geven. We noemden de reis &#8220;Stilstaan in Beweging&#8221;.   <\/p>\n<p data-start=\"719\" data-end=\"843\" data-is-last-node=\"\" data-is-only-node=\"\">Het werd een opmerkelijke en emotionele pelgrimstocht gemeten in kilometers, maar gedefinieerd door verbinding, herinnering en genezing.<\/p>\n\t\t<\/div>\n\t\t\t\t\t<\/div>\n\n\t\n\n\t<div id=\"col-2134582416\" class=\"col medium-11 small-12 large-6\"  >\n\t\t\t\t<div class=\"col-inner\"  >\n\t\t\t\n\t\t\t\n\t<div class=\"img has-hover radius20 tape tape-right x md-x lg-x y md-y lg-y\" id=\"image_164865324\">\n\t\t\t\t\t\t\t\t<div class=\"img-inner image-cover dark\" style=\"padding-top:100%;\">\n\t\t\t<img decoding=\"async\" width=\"533\" height=\"800\" src=\"https:\/\/outdoormedals.com\/wp-content\/uploads\/2025\/07\/7C205968-533x800.jpg\" class=\"attachment-large size-large\" alt=\"\" srcset=\"https:\/\/outdoormedals.com\/wp-content\/uploads\/2025\/07\/7C205968-533x800.jpg 533w, https:\/\/outdoormedals.com\/wp-content\/uploads\/2025\/07\/7C205968-267x400.jpg 267w, https:\/\/outdoormedals.com\/wp-content\/uploads\/2025\/07\/7C205968-768x1152.jpg 768w, https:\/\/outdoormedals.com\/wp-content\/uploads\/2025\/07\/7C205968-1024x1536.jpg 1024w, https:\/\/outdoormedals.com\/wp-content\/uploads\/2025\/07\/7C205968-1320x1980.jpg 1320w, https:\/\/outdoormedals.com\/wp-content\/uploads\/2025\/07\/7C205968-600x900.jpg 600w, https:\/\/outdoormedals.com\/wp-content\/uploads\/2025\/07\/7C205968.jpg 1365w\" sizes=\"(max-width: 533px) 100vw, 533px\" \/>\t\t\t\t\t\t\n\t\t\t\t\t<\/div>\n\t\t\t\t\t\t\t\t\n<style>\n#image_164865324 {\n  width: 100%;\n}\n<\/style>\n\t<\/div>\n\t\n\t\t<\/div>\n\t\t\t\t\t<\/div>\n\n\t\n<\/div>\n\t\t<\/div>\n\n\t\t\n<style>\n#section_1821514088 {\n  padding-top: 80px;\n  padding-bottom: 80px;\n  background-color: rgba(171, 150, 122, 0.1);\n}\n<\/style>\n\t<\/section>\n\t\n\n\t<section class=\"section\" id=\"section_556246606\">\n\t\t<div class=\"section-bg fill\" >\n\t\t\t\t\t\t\t\t\t\n\t\t\t\n\n\t\t<\/div>\n\n\t\t\n\n\t\t<div class=\"section-content relative\">\n\t\t\t\n<div class=\"row\"  id=\"row-104377648\">\n\n\t<div id=\"col-2133588705\" class=\"col small-12 large-12\"  >\n\t\t\t\t<div class=\"col-inner\"  >\n\t\t\t\n\t\t\t\n\t<div id=\"text-1215003544\" class=\"text\">\n\t\t\n<h2>Antoni van Leeuwenhoek<\/h2>\n<p>Door hun ondernemersgeest en liefde voor het buitenleven richtten Leroy en Fabienne Outdoor Medals op, een platform om mede-avonturiers te eren en bij te dragen aan het bevorderen van kankeronderzoek naar de kankers waar Fabienne&#8217;s ouders tegen vochten.  <strong>Outdoor Medals doneert 5 euro per verkochte medaille aan de AVL Foundation,<\/strong> specifiek aan twee afdelingen: \u00e9\u00e9n gewijd aan zeldzaam borstkankeronderzoek en \u00e9\u00e9n gericht op het vergroten van kennis over Neuroendocrien Carcinoom (NEC). Door Outdoor Medals te steunen, vier je niet alleen je eigen avontuurlijke geest, maar draag je ook bij aan een zinvol doel dat het leven van mensen met deze uitdagende ziekten wil verbeteren. Laten we samen een verschil maken! Ga voor meer informatie naar de website van de AVL Foundation: <a href=\"https:\/\/avlfoundation.nl\/camino-medal\/\" target=\"_blank\" rel=\"noopener\">Meer informatie AVL Foundation<\/a><br \/>\n\t\t\n<style>\n#text-1215003544 {\n  text-align: center;\n  color: rgb(255,255,255);\n}\n#text-1215003544 > * {\n  color: rgb(255,255,255);\n}\n<\/style>\n\t<\/div>\n\t\n\t\t<\/div>\n\t\t\t\t\t<\/div>\n\n\t\n<\/div>\n<div class=\"row\"  id=\"row-214173467\">\n\n\t<div id=\"col-315738730\" class=\"col medium-4 small-12 large-4\"  >\n\t\t\t\t<div class=\"col-inner\"  >\n\t\t\t\n\t\t\t\n\t<div class=\"img has-hover tape t-middle radius20 x md-x lg-x y md-y lg-y\" id=\"image_1849687212\">\n\t\t\t\t\t\t\t\t<div class=\"img-inner image-cover dark\" style=\"padding-top:100%;margin:0px 0px 0px 0px;\">\n\t\t\t<img decoding=\"async\" width=\"1080\" height=\"1080\" src=\"https:\/\/outdoormedals.com\/wp-content\/uploads\/2025\/06\/Ontwerp-zonder-titel-1.png\" class=\"attachment-original size-original\" alt=\"\" srcset=\"https:\/\/outdoormedals.com\/wp-content\/uploads\/2025\/06\/Ontwerp-zonder-titel-1.png 1080w, https:\/\/outdoormedals.com\/wp-content\/uploads\/2025\/06\/Ontwerp-zonder-titel-1-400x400.png 400w, https:\/\/outdoormedals.com\/wp-content\/uploads\/2025\/06\/Ontwerp-zonder-titel-1-800x800.png 800w, https:\/\/outdoormedals.com\/wp-content\/uploads\/2025\/06\/Ontwerp-zonder-titel-1-280x280.png 280w, https:\/\/outdoormedals.com\/wp-content\/uploads\/2025\/06\/Ontwerp-zonder-titel-1-768x768.png 768w, https:\/\/outdoormedals.com\/wp-content\/uploads\/2025\/06\/Ontwerp-zonder-titel-1-300x300.png 300w, https:\/\/outdoormedals.com\/wp-content\/uploads\/2025\/06\/Ontwerp-zonder-titel-1-600x600.png 600w, https:\/\/outdoormedals.com\/wp-content\/uploads\/2025\/06\/Ontwerp-zonder-titel-1-100x100.png 100w\" sizes=\"(max-width: 1080px) 100vw, 1080px\" \/>\t\t\t\t\t\t\n\t\t\t\t\t<\/div>\n\t\t\t\t\t\t\t\t\n<style>\n#image_1849687212 {\n  width: 100%;\n}\n@media (min-width:550px) {\n  #image_1849687212 {\n    width: 100%;\n  }\n}\n<\/style>\n\t<\/div>\n\t\n\t\t<\/div>\n\t\t\t\t\t<\/div>\n\n\t\n\n\t<div id=\"col-452539978\" class=\"col medium-4 small-12 large-4\"  >\n\t\t\t\t<div class=\"col-inner\"  >\n\t\t\t\n\t\t\t\n\t<div class=\"img has-hover tape t-middle radius20 x md-x lg-x y md-y lg-y\" id=\"image_105708510\">\n\t\t\t\t\t\t\t\t<div class=\"img-inner image-cover dark\" style=\"padding-top:100%;\">\n\t\t\t<img decoding=\"async\" width=\"2126\" height=\"1535\" src=\"https:\/\/outdoormedals.com\/wp-content\/uploads\/2023\/10\/Cheque_20230719_01-1.jpg\" class=\"attachment-original size-original\" alt=\"\" srcset=\"https:\/\/outdoormedals.com\/wp-content\/uploads\/2023\/10\/Cheque_20230719_01-1.jpg 2126w, https:\/\/outdoormedals.com\/wp-content\/uploads\/2023\/10\/Cheque_20230719_01-1-554x400.jpg 554w, https:\/\/outdoormedals.com\/wp-content\/uploads\/2023\/10\/Cheque_20230719_01-1-1108x800.jpg 1108w, https:\/\/outdoormedals.com\/wp-content\/uploads\/2023\/10\/Cheque_20230719_01-1-768x555.jpg 768w, https:\/\/outdoormedals.com\/wp-content\/uploads\/2023\/10\/Cheque_20230719_01-1-1536x1109.jpg 1536w, https:\/\/outdoormedals.com\/wp-content\/uploads\/2023\/10\/Cheque_20230719_01-1-2048x1479.jpg 2048w, https:\/\/outdoormedals.com\/wp-content\/uploads\/2023\/10\/Cheque_20230719_01-1-1320x953.jpg 1320w, https:\/\/outdoormedals.com\/wp-content\/uploads\/2023\/10\/Cheque_20230719_01-1-600x433.jpg 600w\" sizes=\"(max-width: 2126px) 100vw, 2126px\" \/>\t\t\t\t\t\t\n\t\t\t\t\t<\/div>\n\t\t\t\t\t\t\t\t\n<style>\n#image_105708510 {\n  width: 100%;\n}\n<\/style>\n\t<\/div>\n\t\n\t\t<\/div>\n\t\t\t\t\t<\/div>\n\n\t\n\n\t<div id=\"col-1092606566\" class=\"col medium-4 small-12 large-4\"  >\n\t\t\t\t<div class=\"col-inner\"  >\n\t\t\t\n\t\t\t\n\t<div class=\"img has-hover tape t-middle radius20 x md-x lg-x y md-y lg-y\" id=\"image_1144155452\">\n\t\t\t\t\t\t\t\t<div class=\"img-inner image-cover dark\" style=\"padding-top:100%;\">\n\t\t\t<img decoding=\"async\" width=\"1707\" height=\"2560\" src=\"https:\/\/outdoormedals.com\/wp-content\/uploads\/2023\/10\/231016-Foto-Antoni_DEF_HR-scaled.jpg\" class=\"attachment-original size-original\" alt=\"\" srcset=\"https:\/\/outdoormedals.com\/wp-content\/uploads\/2023\/10\/231016-Foto-Antoni_DEF_HR-scaled.jpg 1707w, https:\/\/outdoormedals.com\/wp-content\/uploads\/2023\/10\/231016-Foto-Antoni_DEF_HR-267x400.jpg 267w, https:\/\/outdoormedals.com\/wp-content\/uploads\/2023\/10\/231016-Foto-Antoni_DEF_HR-533x800.jpg 533w, https:\/\/outdoormedals.com\/wp-content\/uploads\/2023\/10\/231016-Foto-Antoni_DEF_HR-768x1152.jpg 768w, https:\/\/outdoormedals.com\/wp-content\/uploads\/2023\/10\/231016-Foto-Antoni_DEF_HR-1024x1536.jpg 1024w, https:\/\/outdoormedals.com\/wp-content\/uploads\/2023\/10\/231016-Foto-Antoni_DEF_HR-1365x2048.jpg 1365w, https:\/\/outdoormedals.com\/wp-content\/uploads\/2023\/10\/231016-Foto-Antoni_DEF_HR-1320x1980.jpg 1320w, https:\/\/outdoormedals.com\/wp-content\/uploads\/2023\/10\/231016-Foto-Antoni_DEF_HR-600x900.jpg 600w\" sizes=\"(max-width: 1707px) 100vw, 1707px\" \/>\t\t\t\t\t\t\n\t\t\t\t\t<\/div>\n\t\t\t\t\t\t\t\t\n<style>\n#image_1144155452 {\n  width: 100%;\n}\n<\/style>\n\t<\/div>\n\t\n\t\t<\/div>\n\t\t\t\t\t<\/div>\n\n\t\n<\/div>\n\t\t<\/div>\n\n\t\t\n<style>\n#section_556246606 {\n  padding-top: 50px;\n  padding-bottom: 50px;\n  background-color: rgb(171, 150, 122);\n}\n<\/style>\n\t<\/section>\n\t\n","protected":false},"excerpt":{"rendered":"","protected":false},"author":2,"featured_media":0,"parent":0,"menu_order":0,"comment_status":"closed","ping_status":"closed","template":"page-blank.php","meta":{"footnotes":""},"class_list":["post-3263","page","type-page","status-publish","hentry"],"jetpack_sharing_enabled":true,"_links":{"self":[{"href":"https:\/\/outdoormedals.com\/nl\/wp-json\/wp\/v2\/pages\/3263","targetHints":{"allow":["GET"]}}],"collection":[{"href":"https:\/\/outdoormedals.com\/nl\/wp-json\/wp\/v2\/pages"}],"about":[{"href":"https:\/\/outdoormedals.com\/nl\/wp-json\/wp\/v2\/types\/page"}],"author":[{"embeddable":true,"href":"https:\/\/outdoormedals.com\/nl\/wp-json\/wp\/v2\/users\/2"}],"replies":[{"embeddable":true,"href":"https:\/\/outdoormedals.com\/nl\/wp-json\/wp\/v2\/comments?post=3263"}],"version-history":[{"count":7,"href":"https:\/\/outdoormedals.com\/nl\/wp-json\/wp\/v2\/pages\/3263\/revisions"}],"predecessor-version":[{"id":3711,"href":"https:\/\/outdoormedals.com\/nl\/wp-json\/wp\/v2\/pages\/3263\/revisions\/3711"}],"wp:attachment":[{"href":"https:\/\/outdoormedals.com\/nl\/wp-json\/wp\/v2\/media?parent=3263"}],"curies":[{"name":"wp","href":"https:\/\/api.w.org\/{rel}","templated":true}]}}